{"id":9668,"date":"2022-10-20T13:19:48","date_gmt":"2022-10-20T11:19:48","guid":{"rendered":"http:\/\/loni.pl\/kontakt\/"},"modified":"2022-11-28T11:16:35","modified_gmt":"2022-11-28T10:16:35","slug":"kontakt","status":"publish","type":"page","link":"https:\/\/loni.pl\/en\/kontakt\/","title":{"rendered":"Kontakt"},"content":{"rendered":"\n<div class=\"heading heading-page pt-4 pb-5\">\n\n    <div class=\"container\">\n        <div class=\"row\">\n            <div class=\"col-12\">\n                <div class=\"content-heading text-center\">\n                    <h1 id=\"kontakt\" class=\"heading-anchor\">Kontakt<\/h1>\n                <\/div>\n            <\/div>\n        <\/div>\n    <\/div>\n<\/div>\n\n\n\n\n\n<div class=\"contentContact mb-5\">\n    <div class=\"container\">\n        <div class=\"row\">\n            <div class=\"col-xl-3 offset-lg-1 textContent\">\n                <div class=\"mb-5\">\n                    \n                                            <span class=\"text-uppercase d-block\">E-mail<\/span>\n                                                                <a href=\"mailto:kontakt@loni.pl\">kontakt@loni.pl<\/a>\n                                    <\/div>\n                <div class=\"mb-5\">\n                                    <span class=\"text-uppercase d-block\">Telefon<\/span>\n                                                            <a href=\"tel:792355613\">792355613<\/a>\n                                    <\/div>\n                <div class=\"mb-5 address\">\n                                    <span class=\"text-uppercase d-block\">Adres<\/span>\n                                                            <strong>LONI<\/strong>\r\nDolina Drw\u0119cy 172<br>\r\n87-162 J\u00f3zefowo\r\n<br><br>                                    <\/div>\n                <div class=\"social\">\n                                            <span class=\"text-uppercase\">Social Media<\/span>\n                        <ul class=\"list-unstyled mt-3\">\n                                                                                        <li>\n                                    <a href=\"https:\/\/facebook.com\/lonisocks\" target=\"_self\" rel=\"noopener\">\n                                                                            <img decoding=\"async\" src=\"https:\/\/loni.pl\/wp-content\/uploads\/2022\/10\/facebook-1.svg\" alt=\"\" title=\"\">\n                                                                        <\/a>\n                                    <\/li>\n                                                                                                                        <li>\n                                    <a href=\"https:\/\/www.instagram.com\/lonisocks\/\" target=\"_self\" rel=\"noopener\">\n                                                                            <img decoding=\"async\" src=\"https:\/\/loni.pl\/wp-content\/uploads\/2022\/10\/instagram-1.svg\" alt=\"\" title=\"\">\n                                                                        <\/a>\n                                    <\/li>\n                                                                                                                        <li>\n                                    <a href=\"https:\/\/www.tiktok.com\/@lonisocks\" target=\"_self\" rel=\"noopener\">\n                                                                            <img decoding=\"async\" src=\"https:\/\/loni.pl\/wp-content\/uploads\/2022\/10\/tiktok-black-icon-seeklogo.com-1.svg\" alt=\"\" title=\"\">\n                                                                        <\/a>\n                                    <\/li>\n                                                                                <\/ul>\n                                    <\/div>\n            <\/div>\n            <div class=\"col-xl-6 offset-lg-1 formContent mt-5 mt-xl-0\">\n                                    \n<div class=\"wpcf7 no-js\" id=\"wpcf7-f6281-o1\" lang=\"pl-PL\" dir=\"ltr\">\n<div class=\"screen-reader-response\"><p role=\"status\" aria-live=\"polite\" aria-atomic=\"true\"><\/p> <ul><\/ul><\/div>\n<form action=\"\/en\/wp-json\/wp\/v2\/pages\/9668#wpcf7-f6281-o1\" method=\"post\" class=\"wpcf7-form init\" aria-label=\"Formularz kontaktowy\" novalidate=\"novalidate\" data-status=\"init\">\n<div style=\"display: none;\">\n<input type=\"hidden\" name=\"_wpcf7\" value=\"6281\" \/>\n<input type=\"hidden\" name=\"_wpcf7_version\" value=\"5.8.4\" \/>\n<input type=\"hidden\" name=\"_wpcf7_locale\" value=\"pl_PL\" \/>\n<input type=\"hidden\" name=\"_wpcf7_unit_tag\" value=\"wpcf7-f6281-o1\" \/>\n<input type=\"hidden\" name=\"_wpcf7_container_post\" value=\"0\" \/>\n<input type=\"hidden\" name=\"_wpcf7_posted_data_hash\" value=\"\" \/>\n<\/div>\n<div class=\"mb-4\">\n\t<p><label> Tw\u00f3j adres e-mail<\/label><span class=\"wpcf7-form-control-wrap\" data-name=\"mail123\"><input size=\"40\" class=\"wpcf7-form-control wpcf7-email wpcf7-validates-as-required wpcf7-text wpcf7-validates-as-email w-100\" aria-required=\"true\" aria-invalid=\"false\" placeholder=\"np. j.kowalski@domena.pl\" value=\"\" type=\"email\" name=\"mail123\" \/><\/span>\n\t<\/p>\n<\/div>\n<div class=\"mb-4\">\n\t<p><label> Temat wiadomo\u015bci<\/label><span class=\"wpcf7-form-control-wrap\" data-name=\"your-subject\"><input size=\"40\" class=\"wpcf7-form-control wpcf7-text wpcf7-validates-as-required w-100\" aria-required=\"true\" aria-invalid=\"false\" placeholder=\"Temat wiadomo\u015bci\" value=\"\" type=\"text\" name=\"your-subject\" \/><\/span>\n\t<\/p>\n<\/div>\n<div class=\"mb-4\">\n\t<p><label> Numer telefonu<\/label><span class=\"wpcf7-form-control-wrap\" data-name=\"your-tel\"><input size=\"40\" class=\"wpcf7-form-control wpcf7-text w-100\" aria-invalid=\"false\" placeholder=\"Numer telefonu\" value=\"\" type=\"text\" name=\"your-tel\" \/><\/span>\n\t<\/p>\n<\/div>\n<div class=\"mb-4\">\n\t<p><label> Twoja wiadomo\u015bci<\/label><span class=\"wpcf7-form-control-wrap\" data-name=\"your-message\"><textarea cols=\"40\" rows=\"10\" class=\"wpcf7-form-control wpcf7-textarea w-100\" aria-invalid=\"false\" placeholder=\"Wpisz tre\u015b\u0107 wiadomo\u015bci\" name=\"your-message\"><\/textarea><\/span>\n\t<\/p>\n<\/div>\n<p><span class=\"wpcf7-form-control-wrap\" data-name=\"acceptance-491\"><span class=\"wpcf7-form-control wpcf7-acceptance\"><span class=\"wpcf7-list-item\"><label><input type=\"checkbox\" name=\"acceptance-491\" value=\"1\" aria-invalid=\"false\" \/><span class=\"wpcf7-list-item-label\">Dane podane w formularzu b\u0119d\u0105 przetwarzane przez Loni Adrian Nowicki wy\u0142\u0105cznie w celu realizacji zg\u0142oszenia. Wi\u0119cej informacji o warunkach przetwarzania danych osobowych znajdziesz w <a href=\"http:\/\/loni.pl\/polityka-prywatnosci\/\">Polityce prywatno\u015bci<\/a><\/span><\/label><\/span><\/span><\/span><br \/>\n<button class=\"btn-loni btn-loni-black white-font\">Wy\u015blij wiadomo\u015b\u0107<\/button>\n<\/p><div class=\"wpcf7-response-output\" aria-hidden=\"true\"><\/div>\n<\/form>\n<\/div>\n                                <\/div>\n        <\/div>\n    <\/div>\n<\/div>","protected":false},"excerpt":{"rendered":"","protected":false},"author":1,"featured_media":0,"parent":0,"menu_order":0,"comment_status":"closed","ping_status":"closed","template":"","meta":{"footnotes":""},"class_list":["post-9668","page","type-page","status-publish","hentry"],"acf":[],"_links":{"self":[{"href":"https:\/\/loni.pl\/en\/wp-json\/wp\/v2\/pages\/9668","targetHints":{"allow":["GET"]}}],"collection":[{"href":"https:\/\/loni.pl\/en\/wp-json\/wp\/v2\/pages"}],"about":[{"href":"https:\/\/loni.pl\/en\/wp-json\/wp\/v2\/types\/page"}],"author":[{"embeddable":true,"href":"https:\/\/loni.pl\/en\/wp-json\/wp\/v2\/users\/1"}],"replies":[{"embeddable":true,"href":"https:\/\/loni.pl\/en\/wp-json\/wp\/v2\/comments?post=9668"}],"version-history":[{"count":0,"href":"https:\/\/loni.pl\/en\/wp-json\/wp\/v2\/pages\/9668\/revisions"}],"wp:attachment":[{"href":"https:\/\/loni.pl\/en\/wp-json\/wp\/v2\/media?parent=9668"}],"curies":[{"name":"wp","href":"https:\/\/api.w.org\/{rel}","templated":true}]}}