{"id":9689,"date":"2022-10-20T20:11:02","date_gmt":"2022-10-20T18:11:02","guid":{"rendered":"http:\/\/loni.pl\/ekologia\/"},"modified":"2022-11-28T11:43:28","modified_gmt":"2022-11-28T10:43:28","slug":"ekologia","status":"publish","type":"page","link":"https:\/\/loni.pl\/en\/ekologia\/","title":{"rendered":"Ekologia"},"content":{"rendered":"\n\n<div class=\"heroAbout\">\n    <div class=\"container\">\n        <div class=\"row\">\n            <div class=\"col-lg-12\">\n                <div class=\"heroAboutContent\" style=\"background: #94b654; \">\n                    <div class=\"row px-0\">\n                        <div class=\"offset-xl-1 col-xl-5 contentText position-relative px-4 px-md-5  px-xl-0\">\n                                                    <h1>Dobro Planety<br \/>\nto nasza Inspiracja<\/h1>\n<p>W LONI wiemy, \u017ce Planeta jest naszym wsp\u00f3lnym dobrem. Rozumiemy, \u017ce odpowiedzialny biznes, to taki, kt\u00f3ry dzia\u0142a w trosce o \u015brodowisko. Kochamy przyrod\u0119, uwielbiamy wypoczywa\u0107 na jej \u0142onie. Pi\u0119kne g\u00f3ry, szum morza, lasy i polany daj\u0105 nam niesko\u0144czenie wiele energii, kt\u00f3r\u0105 przek\u0142adamy na dzia\u0142ania marki LONI. Szcz\u0119\u015bcie, p\u0142yn\u0105ce z obcowania z Natur\u0105 staramy si\u0119 odda\u0107 w naszych wzorach. Ro\u015bliny i zwierz\u0119ta cz\u0119sto s\u0105 dla nas inspiracj\u0105. Motywy p\u0142yn\u0105ce z natury znajdziecie na naszych d\u0142ugich skarpetach i kr\u00f3tkich skarpetkach stopkach.<\/p>\n                                                <\/div>\n                    <\/div>\n                    <div class=\"heroAboutContent-img\">\n                                            <\/div>\n                <\/div>\n            <\/div>\n        <\/div>\n    <\/div>\n<\/div>\n\n\n\n\n\n<div style=\"height:48px\" aria-hidden=\"true\" class=\"wp-block-spacer d-lg-none\"><\/div>\n\n\n\n<div style=\"height:55px\" aria-hidden=\"true\" class=\"wp-block-spacer d-none d-lg-block\"><\/div>\n\n\n\n\n\n\n \n <div class=\"sectionAboutOne pt-4 pb-4 py-lg-5\">\n     <div class=\"container\">\n \n      \n \n             <div class=\"row \">\n             <div class=\"col-lg-7 offset-lg-1 pe-lg-5\">\n                             <p>Wierzymy, \u017ce naszym obowi\u0105zkiem jest troska o Ziemi\u0119. Chcemy zostawi\u0107 po sobie \u015bwiat w jak najlepszej kondycji, \u017ceby skorzysta\u0142y na tym przysz\u0142e pokolenia. Wierzymy w spo\u0142eczn\u0105 odpowiedzialno\u015b\u0107 biznesu, w odpowiedzialny przemys\u0142 modowy &#8211; od proces\u00f3w produkcyjnych po dzia\u0142ania logistyczne przy\u015bwieca nam jedna zasada &#8211; dzia\u0142amy w oparciu o dobro Planety.<\/p>\n                        <\/div>\n             <div class=\"col-lg-3\">\n                             <img decoding=\"async\" class=\"w-100 h-auto\" src=\"https:\/\/loni.pl\/wp-content\/uploads\/2022\/10\/Group-5012.png\" alt=\"\" title=\"\">\n                         <\/div>\n         <\/div>\n      \n \n        \n        \n \n     <\/div>\n <\/div>\n \n \n \n  \n\n\n\n \n \n \n \n\n\n\n\n\n\n\n \n<div class=\"sectionAboutOne pt-4 pb-4 py-lg-5\">\n    <div class=\"container\">\n\n    \n\n    \n\n            <div class=\"row align-items-lg-center\">\n            <div class=\"col-lg-5 offset-lg-1\">\n                            <img decoding=\"async\" class=\"w-100 h-auto\" src=\"https:\/\/loni.pl\/wp-content\/uploads\/2022\/10\/Screenshot-2022-06-02-at-14.40-5.png\" alt=\"\" title=\"\">\n                        <\/div>\n            <div class=\"col-lg-5 \">\n                            <h3 id=\"kazda-dobrana-para-skarpet-loni-jest-zielona\" class=\"heading-anchor\">Ka\u017cda dobrana para skarpet LONI jest zielona<\/h3>\n<p>Wraz z naszymi partnerami biznesowymi dok\u0142adamy wszelkich stara\u0144, by nasza dzia\u0142alno\u015b\u0107 nie odbija\u0142a si\u0119 negatywnie na stanie \u015brodowiska. Dbamy o poziom emisyjno\u015bci, minimalizuj\u0105c nasz \u015blad w\u0119glowy. Badamy i udoskonalamy procesy logistyczne i wysy\u0142kowe pod k\u0105tem emisyjno\u015bci CO2. Ekologia biznesu jest dla nas spraw\u0105 priorytetow\u0105. Bez wzgl\u0119du na to, jaki kolor skarpetek wybierzecie, ka\u017cdy model skarpetek LONI jest zielony.<\/p>\n                        <\/div>\n        <\/div>\n      \n       \n\n    <\/div>\n<\/div>\n\n\n\n\n\n \n\n\n\n \n \n \n \n\n\n\n\n\n\n\n \n <div class=\"sectionAboutOne pt-4 pb-4 py-lg-5\">\n     <div class=\"container\">\n \n      \n \n             <div class=\"row \">\n             <div class=\"col-lg-7 offset-lg-1 pe-lg-5\">\n                             <h3 id=\"opakowania-loni-sa-lzejsze-o-wyrzuty-sumienia\" class=\"heading-anchor\">Opakowania LONI s\u0105 l\u017cejsze o wyrzuty sumienia!<\/h3>\n<p>W procesie pakowania ka\u017cdej dobrze dobranej pary skarpetek LONI skupiamy si\u0119 na odnawialnych i recyklingowalnych materia\u0142ach. Tektura, kt\u00f3rej u\u017cywamy pochodzi z odnawialnych \u017ar\u00f3de\u0142, potwierdzaj\u0105 to certyfikaty FSC MIX C120802 i RESY 2061. Nasze foliopaki w 80% pochodz\u0105 z recyklingu (certyfikat Blue Angel 30a\/34280). Opakowania LONI s\u0105 l\u017cejsze o wyrzutu sumienia! Nie musicie si\u0119 martwi\u0107, \u017ce dok\u0142adacie swoj\u0105 stop\u0119 do zanieczyszczenia \u015brodowiska. Wybieraj\u0105c LONI, wybieracie \u015bwiadome, zielone procesy.<\/p>\n                        <\/div>\n             <div class=\"col-lg-3\">\n                          <\/div>\n         <\/div>\n      \n \n        \n        \n \n     <\/div>\n <\/div>\n \n \n \n  \n\n\n\n \n \n \n \n\n\n\n\n\n\n\n \n <div class=\"sectionAboutOne pt-4 pb-4 py-lg-5\">\n     <div class=\"container\">\n \n              <div class=\"row\">\n             <div class=\"col-lg-10 offset-lg-1 mb-4\">\n                 <h3 id=\"nasza-moda-jest-odpowiedzialna\" class=\"heading-anchor\">Nasza moda jest odpowiedzialna<\/h3>             <\/div>\n         <\/div>\n      \n \n             <div class=\"row \">\n             <div class=\"col-lg-7 offset-lg-1 pe-lg-5\">\n                             <p>Wybieraj\u0105c skarpetki marki LONI decydujecie si\u0119 na kolorow\u0105, dobran\u0105 par\u0119, za kt\u00f3r\u0105 stoi pot\u0119\u017cny mechanizm selekcji, kontroli i doskonalenia wszystkich proces\u00f3w: od projektu niepowtarzalnych wzor\u00f3w, po dostaw\u0119 do Waszych r\u0105k. Wszystko dzieje si\u0119 z uwzgl\u0119dnieniem dobra planety i z trosk\u0105 o \u015brodowisko. Ka\u017cdy \u015bwiadomy konsument wybiera marki, kt\u00f3re troszcz\u0105 si\u0119 o natur\u0119, ro\u015bliny i zwierz\u0119ta &#8211; w LONI zdecydowali\u015bmy si\u0119 na taki model dzia\u0142alno\u015bci, bo uwa\u017camy, \u017ce najzwyczajniej w \u015bwiecie nie ma dla nas innej opcji. Planeta jest najwa\u017cniejsza!<\/p>\n                        <\/div>\n             <div class=\"col-lg-3\">\n                             <img decoding=\"async\" class=\"w-100 h-auto\" src=\"https:\/\/loni.pl\/wp-content\/uploads\/2022\/10\/Group-5016.png\" alt=\"\" title=\"\">\n                         <\/div>\n         <\/div>\n      \n \n        \n        \n \n     <\/div>\n <\/div>\n \n \n \n  \n\n\n\n \n \n \n \n\n\n\n\n<div style=\"height:70px\" aria-hidden=\"true\" class=\"wp-block-spacer\"><\/div>\n","protected":false},"excerpt":{"rendered":"","protected":false},"author":1,"featured_media":0,"parent":0,"menu_order":0,"comment_status":"closed","ping_status":"closed","template":"","meta":{"footnotes":""},"class_list":["post-9689","page","type-page","status-publish","hentry"],"acf":[],"_links":{"self":[{"href":"https:\/\/loni.pl\/en\/wp-json\/wp\/v2\/pages\/9689","targetHints":{"allow":["GET"]}}],"collection":[{"href":"https:\/\/loni.pl\/en\/wp-json\/wp\/v2\/pages"}],"about":[{"href":"https:\/\/loni.pl\/en\/wp-json\/wp\/v2\/types\/page"}],"author":[{"embeddable":true,"href":"https:\/\/loni.pl\/en\/wp-json\/wp\/v2\/users\/1"}],"replies":[{"embeddable":true,"href":"https:\/\/loni.pl\/en\/wp-json\/wp\/v2\/comments?post=9689"}],"version-history":[{"count":0,"href":"https:\/\/loni.pl\/en\/wp-json\/wp\/v2\/pages\/9689\/revisions"}],"wp:attachment":[{"href":"https:\/\/loni.pl\/en\/wp-json\/wp\/v2\/media?parent=9689"}],"curies":[{"name":"wp","href":"https:\/\/api.w.org\/{rel}","templated":true}]}}