{"id":7667,"date":"2022-10-22T23:19:22","date_gmt":"2022-10-22T21:19:22","guid":{"rendered":"http:\/\/loni.pl\/produkt\/dobry-piesek\/"},"modified":"2026-03-05T14:29:29","modified_gmt":"2026-03-05T13:29:29","slug":"dobry-piesek","status":"publish","type":"product","link":"https:\/\/loni.pl\/en\/produkt\/dobry-piesek\/","title":{"rendered":"Dobry piesek"},"content":{"rendered":"<h4 id=\"skarpetki-buldog\" class=\"heading-anchor\">Skarpetki Buldog<\/h4>\n<p>Dobry piesek to model, kt\u00f3ry bardzo szybko adaptuje si\u0119 do nowego otoczenia. Odnajdzie si\u0119 w praktycznie ka\u017cdej szufladzie i na ka\u017cdej stopie. Dobrego pieska bez problemu mo\u017cna przygarn\u0105\u0107 do domu z dzie\u0107mi. Ma wyj\u0105tkowo \u0142agodny charakter i du\u017ce pok\u0142ady cierpliwo\u015bci. Stopy pokocha w\u0142a\u015bciwie od pierwszego wci\u0105gni\u0119cia i b\u0119dzie wiernie czeka\u0142 na wszystkie wsp\u00f3lne kroki. Wykazuje \u017cywe zainteresowanie hydrantami i pe\u0142n\u0105 miseczk\u0105.<\/p>\n","protected":false},"excerpt":{"rendered":"<p>Skarpetki Buldog Dobry piesek to model, kt\u00f3ry bardzo szybko adaptuje si\u0119 do nowego otoczenia. Odnajdzie si\u0119 w praktycznie ka\u017cdej szufladzie i na ka\u017cdej stopie. Dobrego pieska bez problemu mo\u017cna przygarn\u0105\u0107 do domu z dzie\u0107mi. Ma wyj\u0105tkowo \u0142agodny charakter i du\u017ce pok\u0142ady cierpliwo\u015bci. Stopy pokocha w\u0142a\u015bciwie od pierwszego wci\u0105gni\u0119cia i b\u0119dzie wiernie czeka\u0142 na wszystkie wsp\u00f3lne [&hellip;]<\/p>\n","protected":false},"featured_media":9123,"comment_status":"open","ping_status":"closed","template":"","meta":[],"product_cat":[28],"product_tag":[],"class_list":["post-7667","product","type-product","status-publish","has-post-thumbnail","hentry","product_cat-skarpety-w-psy","pa_blvariant-35-38","pa_blvariant-39-42","pa_blvariant-43-46"],"acf":[],"_links":{"self":[{"href":"https:\/\/loni.pl\/en\/wp-json\/wp\/v2\/product\/7667","targetHints":{"allow":["GET"]}}],"collection":[{"href":"https:\/\/loni.pl\/en\/wp-json\/wp\/v2\/product"}],"about":[{"href":"https:\/\/loni.pl\/en\/wp-json\/wp\/v2\/types\/product"}],"replies":[{"embeddable":true,"href":"https:\/\/loni.pl\/en\/wp-json\/wp\/v2\/comments?post=7667"}],"wp:featuredmedia":[{"embeddable":true,"href":"https:\/\/loni.pl\/en\/wp-json\/wp\/v2\/media\/9123"}],"wp:attachment":[{"href":"https:\/\/loni.pl\/en\/wp-json\/wp\/v2\/media?parent=7667"}],"wp:term":[{"taxonomy":"product_cat","embeddable":true,"href":"https:\/\/loni.pl\/en\/wp-json\/wp\/v2\/product_cat?post=7667"},{"taxonomy":"product_tag","embeddable":true,"href":"https:\/\/loni.pl\/en\/wp-json\/wp\/v2\/product_tag?post=7667"}],"curies":[{"name":"wp","href":"https:\/\/api.w.org\/{rel}","templated":true}]}}