{"id":7673,"date":"2022-10-22T23:19:31","date_gmt":"2022-10-22T21:19:31","guid":{"rendered":"http:\/\/loni.pl\/produkt\/lapki-i-latki\/"},"modified":"2025-12-28T22:19:06","modified_gmt":"2025-12-28T21:19:06","slug":"lapki-i-latki","status":"publish","type":"product","link":"https:\/\/loni.pl\/en\/produkt\/lapki-i-latki\/","title":{"rendered":"\u0141apki i \u0141atki"},"content":{"rendered":"<h4 id=\"skarpetki-pies\" class=\"heading-anchor\">Skarpetki Pies<\/h4>\n<p>Co\u015b dla fan\u00f3w \u0142at i bajek. Nasze skarpetki \u0141apki i \u0141atki pe\u0142ne s\u0105 ukochanych psich \u0142apek (i reszty pieska r\u00f3wnie\u017c) oraz pi\u0119knych, czarno-bia\u0142ych psich \u0142at. Model jest odpowiedni zar\u00f3wno jako jedyna psia para w szufladzie, jak i jako cz\u0119\u015b\u0107 stada skarpetek z psimi wzorami. Skarpetki \u0141apki i \u0141atki nie nadaj\u0105 si\u0119 na futra. Nie grozi im porwanie przez nawiedzon\u0105 miliarderk\u0119. Mo\u017cna nosi\u0107 bez obaw!<\/p>\n","protected":false},"excerpt":{"rendered":"<p>Skarpetki Pies Co\u015b dla fan\u00f3w \u0142at i bajek. Nasze skarpetki \u0141apki i \u0141atki pe\u0142ne s\u0105 ukochanych psich \u0142apek (i reszty pieska r\u00f3wnie\u017c) oraz pi\u0119knych, czarno-bia\u0142ych psich \u0142at. Model jest odpowiedni zar\u00f3wno jako jedyna psia para w szufladzie, jak i jako cz\u0119\u015b\u0107 stada skarpetek z psimi wzorami. Skarpetki \u0141apki i \u0141atki nie nadaj\u0105 si\u0119 na futra. [&hellip;]<\/p>\n","protected":false},"featured_media":9124,"comment_status":"open","ping_status":"closed","template":"","meta":[],"product_cat":[28],"product_tag":[],"class_list":["post-7673","product","type-product","status-publish","has-post-thumbnail","hentry","product_cat-skarpety-w-psy","pa_blvariant-35-38","pa_blvariant-39-42","pa_blvariant-43-46"],"acf":[],"_links":{"self":[{"href":"https:\/\/loni.pl\/en\/wp-json\/wp\/v2\/product\/7673","targetHints":{"allow":["GET"]}}],"collection":[{"href":"https:\/\/loni.pl\/en\/wp-json\/wp\/v2\/product"}],"about":[{"href":"https:\/\/loni.pl\/en\/wp-json\/wp\/v2\/types\/product"}],"replies":[{"embeddable":true,"href":"https:\/\/loni.pl\/en\/wp-json\/wp\/v2\/comments?post=7673"}],"wp:featuredmedia":[{"embeddable":true,"href":"https:\/\/loni.pl\/en\/wp-json\/wp\/v2\/media\/9124"}],"wp:attachment":[{"href":"https:\/\/loni.pl\/en\/wp-json\/wp\/v2\/media?parent=7673"}],"wp:term":[{"taxonomy":"product_cat","embeddable":true,"href":"https:\/\/loni.pl\/en\/wp-json\/wp\/v2\/product_cat?post=7673"},{"taxonomy":"product_tag","embeddable":true,"href":"https:\/\/loni.pl\/en\/wp-json\/wp\/v2\/product_tag?post=7673"}],"curies":[{"name":"wp","href":"https:\/\/api.w.org\/{rel}","templated":true}]}}