{"id":7680,"date":"2022-10-22T23:19:45","date_gmt":"2022-10-22T21:19:45","guid":{"rendered":"http:\/\/loni.pl\/produkt\/jamniczki\/"},"modified":"2025-12-15T22:24:56","modified_gmt":"2025-12-15T21:24:56","slug":"jamniczki","status":"publish","type":"product","link":"https:\/\/loni.pl\/en\/produkt\/jamniczki\/","title":{"rendered":"Jamniczki"},"content":{"rendered":"<h4 id=\"skarpetki-jamnik\" class=\"heading-anchor\">Skarpetki Jamnik<\/h4>\n<p>Jamniczki ci\u0105gn\u0105 si\u0119 dumnie po stopach i \u0142ydkach, wnosz\u0105c pok\u0142ady humoru i ciep\u0142a we wszystko co robisz. Goni\u0105, czy s\u0105 gonione? Prawdziwy, filozoficzny dylemat jamniczka na bawe\u0142nianych skarpetkach. Model jest bardzo charakterny, potrzebuje u\u0142o\u017cenia na stopie. Jamniczki bardzo dobrze si\u0119 prezentuj\u0105 zar\u00f3wno rozci\u0105gni\u0119te po sam\u0105 \u0142ydk\u0119, jak i skulone tu\u017c nad kostkami. Jak dzia\u0142a Jamniczek? Jamniczek od LONI dzia\u0142a od razu po wsuni\u0119ciu na stop\u0119 wywo\u0142uj\u0105c u\u015bmiech i poprawiaj\u0105c samopoczucie.<\/p>\n","protected":false},"excerpt":{"rendered":"<p>Skarpetki Jamnik Jamniczki ci\u0105gn\u0105 si\u0119 dumnie po stopach i \u0142ydkach, wnosz\u0105c pok\u0142ady humoru i ciep\u0142a we wszystko co robisz. Goni\u0105, czy s\u0105 gonione? Prawdziwy, filozoficzny dylemat jamniczka na bawe\u0142nianych skarpetkach. Model jest bardzo charakterny, potrzebuje u\u0142o\u017cenia na stopie. Jamniczki bardzo dobrze si\u0119 prezentuj\u0105 zar\u00f3wno rozci\u0105gni\u0119te po sam\u0105 \u0142ydk\u0119, jak i skulone tu\u017c nad kostkami. Jak [&hellip;]<\/p>\n","protected":false},"featured_media":9125,"comment_status":"open","ping_status":"closed","template":"","meta":[],"product_cat":[28],"product_tag":[],"class_list":["post-7680","product","type-product","status-publish","has-post-thumbnail","hentry","product_cat-skarpety-w-psy","pa_blvariant-35-38","pa_blvariant-39-42","pa_blvariant-43-46"],"acf":[],"_links":{"self":[{"href":"https:\/\/loni.pl\/en\/wp-json\/wp\/v2\/product\/7680","targetHints":{"allow":["GET"]}}],"collection":[{"href":"https:\/\/loni.pl\/en\/wp-json\/wp\/v2\/product"}],"about":[{"href":"https:\/\/loni.pl\/en\/wp-json\/wp\/v2\/types\/product"}],"replies":[{"embeddable":true,"href":"https:\/\/loni.pl\/en\/wp-json\/wp\/v2\/comments?post=7680"}],"wp:featuredmedia":[{"embeddable":true,"href":"https:\/\/loni.pl\/en\/wp-json\/wp\/v2\/media\/9125"}],"wp:attachment":[{"href":"https:\/\/loni.pl\/en\/wp-json\/wp\/v2\/media?parent=7680"}],"wp:term":[{"taxonomy":"product_cat","embeddable":true,"href":"https:\/\/loni.pl\/en\/wp-json\/wp\/v2\/product_cat?post=7680"},{"taxonomy":"product_tag","embeddable":true,"href":"https:\/\/loni.pl\/en\/wp-json\/wp\/v2\/product_tag?post=7680"}],"curies":[{"name":"wp","href":"https:\/\/api.w.org\/{rel}","templated":true}]}}