{"id":7686,"date":"2022-10-22T23:19:53","date_gmt":"2022-10-22T21:19:53","guid":{"rendered":"http:\/\/loni.pl\/produkt\/do-nogi\/"},"modified":"2025-12-17T05:57:13","modified_gmt":"2025-12-17T04:57:13","slug":"do-nogi","status":"publish","type":"product","link":"https:\/\/loni.pl\/en\/produkt\/do-nogi\/","title":{"rendered":"Do nogi"},"content":{"rendered":"<h4 id=\"skarpetki-pies\" class=\"heading-anchor\">Skarpetki Pies<\/h4>\n<p>Bardzo pos\u0142uszny model, trzyma si\u0119 nogi w domu i na spacerach. Raz wci\u0105gni\u0119ty nie oddala si\u0119, a\u017c do momentu odwo\u0142ania. Do nogi szybko zyska\u0142y opini\u0119 dobrze u\u0142o\u017conej pary skarpetek. Dzi\u0119ki kratkowanemu wzorowi nasze skarpetki Do nogi maj\u0105 potencja\u0142 \u0142\u0105czenia pasji: odnajd\u0105 si\u0119 w nich mi\u0142o\u015bnicy czworonogich pupili i fani krzy\u017c\u00f3wek. Eleganckie, bia\u0142e t\u0142o + kontrastuj\u0105ca, czarna kratka i mi\u0142e wspomnienie ze spaceru. Czego mo\u017cna chcie\u0107 wi\u0119cej?<\/p>\n","protected":false},"excerpt":{"rendered":"<p>Skarpetki Pies Bardzo pos\u0142uszny model, trzyma si\u0119 nogi w domu i na spacerach. Raz wci\u0105gni\u0119ty nie oddala si\u0119, a\u017c do momentu odwo\u0142ania. Do nogi szybko zyska\u0142y opini\u0119 dobrze u\u0142o\u017conej pary skarpetek. Dzi\u0119ki kratkowanemu wzorowi nasze skarpetki Do nogi maj\u0105 potencja\u0142 \u0142\u0105czenia pasji: odnajd\u0105 si\u0119 w nich mi\u0142o\u015bnicy czworonogich pupili i fani krzy\u017c\u00f3wek. Eleganckie, bia\u0142e t\u0142o [&hellip;]<\/p>\n","protected":false},"featured_media":9126,"comment_status":"open","ping_status":"closed","template":"","meta":[],"product_cat":[28,18],"product_tag":[],"class_list":["post-7686","product","type-product","status-publish","has-post-thumbnail","hentry","product_cat-skarpety-w-psy","product_cat-bestsellery","pa_blvariant-35-38","pa_blvariant-39-42","pa_blvariant-43-46"],"acf":[],"_links":{"self":[{"href":"https:\/\/loni.pl\/en\/wp-json\/wp\/v2\/product\/7686","targetHints":{"allow":["GET"]}}],"collection":[{"href":"https:\/\/loni.pl\/en\/wp-json\/wp\/v2\/product"}],"about":[{"href":"https:\/\/loni.pl\/en\/wp-json\/wp\/v2\/types\/product"}],"replies":[{"embeddable":true,"href":"https:\/\/loni.pl\/en\/wp-json\/wp\/v2\/comments?post=7686"}],"wp:featuredmedia":[{"embeddable":true,"href":"https:\/\/loni.pl\/en\/wp-json\/wp\/v2\/media\/9126"}],"wp:attachment":[{"href":"https:\/\/loni.pl\/en\/wp-json\/wp\/v2\/media?parent=7686"}],"wp:term":[{"taxonomy":"product_cat","embeddable":true,"href":"https:\/\/loni.pl\/en\/wp-json\/wp\/v2\/product_cat?post=7686"},{"taxonomy":"product_tag","embeddable":true,"href":"https:\/\/loni.pl\/en\/wp-json\/wp\/v2\/product_tag?post=7686"}],"curies":[{"name":"wp","href":"https:\/\/api.w.org\/{rel}","templated":true}]}}