{"id":7692,"date":"2022-10-22T23:20:01","date_gmt":"2022-10-22T21:20:01","guid":{"rendered":"http:\/\/loni.pl\/produkt\/daj-lape\/"},"modified":"2025-12-17T05:55:29","modified_gmt":"2025-12-17T04:55:29","slug":"daj-lape","status":"publish","type":"product","link":"https:\/\/loni.pl\/en\/produkt\/daj-lape\/","title":{"rendered":"Daj \u0142ap\u0119"},"content":{"rendered":"<p>Daj \u0142ap\u0119 to model, przy kt\u00f3rym zalecamy du\u017co ruchu. Ta para potrzebuje zabaw i wyzwa\u0144. Nie lubi nudy i bezczynno\u015bci. Wprost rozkwita przy wsp\u00f3lnych aktywno\u015bciach: wycieczkach do lasu, wypadach na rowery i na sp\u0142ywach kajakowych. Lubi g\u00f3rskie szlaki i otwarte przestrzenie. Nie faworyzuje \u017cadnej pary but\u00f3w i poradzi sobie z ka\u017cd\u0105 kreacj\u0105.<br \/>\nKlasyczny ko\u015bciany wz\u00f3r to uk\u0142on w stron\u0119 motywu dominuj\u0105cego w psiej kulturze.<\/p>\n","protected":false},"excerpt":{"rendered":"<p>Daj \u0142ap\u0119 to model, przy kt\u00f3rym zalecamy du\u017co ruchu. Ta para potrzebuje zabaw i wyzwa\u0144. Nie lubi nudy i bezczynno\u015bci. Wprost rozkwita przy wsp\u00f3lnych aktywno\u015bciach: wycieczkach do lasu, wypadach na rowery i na sp\u0142ywach kajakowych. Lubi g\u00f3rskie szlaki i otwarte przestrzenie. Nie faworyzuje \u017cadnej pary but\u00f3w i poradzi sobie z ka\u017cd\u0105 kreacj\u0105. Klasyczny ko\u015bciany wz\u00f3r [&hellip;]<\/p>\n","protected":false},"featured_media":9127,"comment_status":"open","ping_status":"closed","template":"","meta":[],"product_cat":[28,19],"product_tag":[],"class_list":["post-7692","product","type-product","status-publish","has-post-thumbnail","hentry","product_cat-skarpety-w-psy","product_cat-nowosci","pa_blvariant-35-38","pa_blvariant-39-42","pa_blvariant-43-46"],"acf":[],"_links":{"self":[{"href":"https:\/\/loni.pl\/en\/wp-json\/wp\/v2\/product\/7692","targetHints":{"allow":["GET"]}}],"collection":[{"href":"https:\/\/loni.pl\/en\/wp-json\/wp\/v2\/product"}],"about":[{"href":"https:\/\/loni.pl\/en\/wp-json\/wp\/v2\/types\/product"}],"replies":[{"embeddable":true,"href":"https:\/\/loni.pl\/en\/wp-json\/wp\/v2\/comments?post=7692"}],"wp:featuredmedia":[{"embeddable":true,"href":"https:\/\/loni.pl\/en\/wp-json\/wp\/v2\/media\/9127"}],"wp:attachment":[{"href":"https:\/\/loni.pl\/en\/wp-json\/wp\/v2\/media?parent=7692"}],"wp:term":[{"taxonomy":"product_cat","embeddable":true,"href":"https:\/\/loni.pl\/en\/wp-json\/wp\/v2\/product_cat?post=7692"},{"taxonomy":"product_tag","embeddable":true,"href":"https:\/\/loni.pl\/en\/wp-json\/wp\/v2\/product_tag?post=7692"}],"curies":[{"name":"wp","href":"https:\/\/api.w.org\/{rel}","templated":true}]}}