{"id":7698,"date":"2022-10-22T23:20:11","date_gmt":"2022-10-22T21:20:11","guid":{"rendered":"http:\/\/loni.pl\/produkt\/splatanie\/"},"modified":"2025-12-13T14:20:18","modified_gmt":"2025-12-13T13:20:18","slug":"splatanie","status":"publish","type":"product","link":"https:\/\/loni.pl\/en\/produkt\/splatanie\/","title":{"rendered":"Spl\u0105tanie"},"content":{"rendered":"<p>Spl\u0105tanie to wschodz\u0105cy, m\u0142ody model, przedstawiciel skarpetkowej bohemy. Charakterystyczne, wij\u0105ce si\u0119 niczym w\u0119\u017ce spl\u0105tania kolor\u00f3w to znak rozpoznawczy tej m\u0142odej gwiazdy skarpetkowej abstrakcji. Model nie narzuca interpretacji swojego wzoru, to nosiciel staje si\u0119 odpowiedzialny za przekaz Spl\u0105tania. Wybierz sw\u00f3j manifest, dobrana para skarpetek Spl\u0105tanie poniesie go w \u015bwiat.<\/p>\n","protected":false},"excerpt":{"rendered":"<p>Spl\u0105tanie to wschodz\u0105cy, m\u0142ody model, przedstawiciel skarpetkowej bohemy. Charakterystyczne, wij\u0105ce si\u0119 niczym w\u0119\u017ce spl\u0105tania kolor\u00f3w to znak rozpoznawczy tej m\u0142odej gwiazdy skarpetkowej abstrakcji. Model nie narzuca interpretacji swojego wzoru, to nosiciel staje si\u0119 odpowiedzialny za przekaz Spl\u0105tania. Wybierz sw\u00f3j manifest, dobrana para skarpetek Spl\u0105tanie poniesie go w \u015bwiat.<\/p>\n","protected":false},"featured_media":9128,"comment_status":"open","ping_status":"closed","template":"","meta":[],"product_cat":[32],"product_tag":[],"class_list":["post-7698","product","type-product","status-publish","has-post-thumbnail","hentry","product_cat-skarpety-abstrakcyjne","pa_blvariant-35-38","pa_blvariant-39-42","pa_blvariant-43-46"],"acf":[],"_links":{"self":[{"href":"https:\/\/loni.pl\/en\/wp-json\/wp\/v2\/product\/7698","targetHints":{"allow":["GET"]}}],"collection":[{"href":"https:\/\/loni.pl\/en\/wp-json\/wp\/v2\/product"}],"about":[{"href":"https:\/\/loni.pl\/en\/wp-json\/wp\/v2\/types\/product"}],"replies":[{"embeddable":true,"href":"https:\/\/loni.pl\/en\/wp-json\/wp\/v2\/comments?post=7698"}],"wp:featuredmedia":[{"embeddable":true,"href":"https:\/\/loni.pl\/en\/wp-json\/wp\/v2\/media\/9128"}],"wp:attachment":[{"href":"https:\/\/loni.pl\/en\/wp-json\/wp\/v2\/media?parent=7698"}],"wp:term":[{"taxonomy":"product_cat","embeddable":true,"href":"https:\/\/loni.pl\/en\/wp-json\/wp\/v2\/product_cat?post=7698"},{"taxonomy":"product_tag","embeddable":true,"href":"https:\/\/loni.pl\/en\/wp-json\/wp\/v2\/product_tag?post=7698"}],"curies":[{"name":"wp","href":"https:\/\/api.w.org\/{rel}","templated":true}]}}