{"id":7705,"date":"2022-10-22T23:20:46","date_gmt":"2022-10-22T21:20:46","guid":{"rendered":"http:\/\/loni.pl\/produkt\/wizualizacja\/"},"modified":"2025-12-16T06:19:49","modified_gmt":"2025-12-16T05:19:49","slug":"wizualizacja","status":"publish","type":"product","link":"https:\/\/loni.pl\/en\/produkt\/wizualizacja\/","title":{"rendered":"Wizualizacja"},"content":{"rendered":"<p>Skarpetki Oko<\/p>\n<p>Widzie\u0107! Widzie\u0107 wszystko, wsz\u0119dzie, na raz! Takie s\u0105 skarpetki Wizualizacja z serii Abstract. Magia oczu i g\u0142\u0119bia spojrzenia skierowane w ka\u017cd\u0105 stron\u0119. To skarpetki stworzone z my\u015bl\u0105 o obserwatorach i badaczach \u015bwiata, ciekawych mistycznych tajemnic. Odkrywaj\u0105 ukryte i prze\u015bwietlaj\u0105 na wskro\u015b, bez mrugni\u0119cia okiem. \u017bycie to magiczny spektakl. Podziwiaj go w dobranej parze skarpetek Wizualizacja.<\/p>\n","protected":false},"excerpt":{"rendered":"<p>Skarpetki Oko Widzie\u0107! Widzie\u0107 wszystko, wsz\u0119dzie, na raz! Takie s\u0105 skarpetki Wizualizacja z serii Abstract. Magia oczu i g\u0142\u0119bia spojrzenia skierowane w ka\u017cd\u0105 stron\u0119. To skarpetki stworzone z my\u015bl\u0105 o obserwatorach i badaczach \u015bwiata, ciekawych mistycznych tajemnic. Odkrywaj\u0105 ukryte i prze\u015bwietlaj\u0105 na wskro\u015b, bez mrugni\u0119cia okiem. \u017bycie to magiczny spektakl. Podziwiaj go w dobranej parze [&hellip;]<\/p>\n","protected":false},"featured_media":9129,"comment_status":"open","ping_status":"closed","template":"","meta":[],"product_cat":[32,19],"product_tag":[],"class_list":["post-7705","product","type-product","status-publish","has-post-thumbnail","hentry","product_cat-skarpety-abstrakcyjne","product_cat-nowosci","pa_blvariant-35-38","pa_blvariant-39-42","pa_blvariant-43-46"],"acf":[],"_links":{"self":[{"href":"https:\/\/loni.pl\/en\/wp-json\/wp\/v2\/product\/7705","targetHints":{"allow":["GET"]}}],"collection":[{"href":"https:\/\/loni.pl\/en\/wp-json\/wp\/v2\/product"}],"about":[{"href":"https:\/\/loni.pl\/en\/wp-json\/wp\/v2\/types\/product"}],"replies":[{"embeddable":true,"href":"https:\/\/loni.pl\/en\/wp-json\/wp\/v2\/comments?post=7705"}],"wp:featuredmedia":[{"embeddable":true,"href":"https:\/\/loni.pl\/en\/wp-json\/wp\/v2\/media\/9129"}],"wp:attachment":[{"href":"https:\/\/loni.pl\/en\/wp-json\/wp\/v2\/media?parent=7705"}],"wp:term":[{"taxonomy":"product_cat","embeddable":true,"href":"https:\/\/loni.pl\/en\/wp-json\/wp\/v2\/product_cat?post=7705"},{"taxonomy":"product_tag","embeddable":true,"href":"https:\/\/loni.pl\/en\/wp-json\/wp\/v2\/product_tag?post=7705"}],"curies":[{"name":"wp","href":"https:\/\/api.w.org\/{rel}","templated":true}]}}