{"id":7712,"date":"2022-10-22T23:21:02","date_gmt":"2022-10-22T21:21:02","guid":{"rendered":"http:\/\/loni.pl\/produkt\/gwiezdna-pomarancza\/"},"modified":"2025-12-13T22:20:19","modified_gmt":"2025-12-13T21:20:19","slug":"gwiezdna-pomarancza","status":"publish","type":"product","link":"https:\/\/loni.pl\/en\/produkt\/gwiezdna-pomarancza\/","title":{"rendered":"Gwiezdna pomara\u0144cza"},"content":{"rendered":"<p>\u017bycie to gra toczona wed\u0142ug kosmicznych zasad, a model Gwiezdna pomara\u0144cza daje +10 do szcz\u0119\u015bcia w rozgrywce. Bez w\u0105tpienia warto skorzysta\u0107 z takiego profitu. Pomara\u0144czowa rado\u015b\u0107 i m\u0105dro\u015b\u0107 gwiezdnego oka przyci\u0105gaj\u0105 i kusz\u0105. Otw\u00f3rz si\u0119 na wzory p\u0142yn\u0105ce z g\u0142\u0119bi wszech\u015bwiata, pami\u0119taj\u0105cej czasy pocz\u0105tku wszystkiego. Gwiezdna pomara\u0144cza to abstrakcyjna w\u0119dr\u00f3wka przez rozgwie\u017cd\u017cone, pomara\u0144czowe niebo.<\/p>\n","protected":false},"excerpt":{"rendered":"<p>\u017bycie to gra toczona wed\u0142ug kosmicznych zasad, a model Gwiezdna pomara\u0144cza daje +10 do szcz\u0119\u015bcia w rozgrywce. Bez w\u0105tpienia warto skorzysta\u0107 z takiego profitu. Pomara\u0144czowa rado\u015b\u0107 i m\u0105dro\u015b\u0107 gwiezdnego oka przyci\u0105gaj\u0105 i kusz\u0105. Otw\u00f3rz si\u0119 na wzory p\u0142yn\u0105ce z g\u0142\u0119bi wszech\u015bwiata, pami\u0119taj\u0105cej czasy pocz\u0105tku wszystkiego. Gwiezdna pomara\u0144cza to abstrakcyjna w\u0119dr\u00f3wka przez rozgwie\u017cd\u017cone, pomara\u0144czowe niebo.<\/p>\n","protected":false},"featured_media":9130,"comment_status":"open","ping_status":"closed","template":"","meta":[],"product_cat":[32],"product_tag":[],"class_list":["post-7712","product","type-product","status-publish","has-post-thumbnail","hentry","product_cat-skarpety-abstrakcyjne","pa_blvariant-35-38","pa_blvariant-39-42","pa_blvariant-43-46"],"acf":[],"_links":{"self":[{"href":"https:\/\/loni.pl\/en\/wp-json\/wp\/v2\/product\/7712","targetHints":{"allow":["GET"]}}],"collection":[{"href":"https:\/\/loni.pl\/en\/wp-json\/wp\/v2\/product"}],"about":[{"href":"https:\/\/loni.pl\/en\/wp-json\/wp\/v2\/types\/product"}],"replies":[{"embeddable":true,"href":"https:\/\/loni.pl\/en\/wp-json\/wp\/v2\/comments?post=7712"}],"wp:featuredmedia":[{"embeddable":true,"href":"https:\/\/loni.pl\/en\/wp-json\/wp\/v2\/media\/9130"}],"wp:attachment":[{"href":"https:\/\/loni.pl\/en\/wp-json\/wp\/v2\/media?parent=7712"}],"wp:term":[{"taxonomy":"product_cat","embeddable":true,"href":"https:\/\/loni.pl\/en\/wp-json\/wp\/v2\/product_cat?post=7712"},{"taxonomy":"product_tag","embeddable":true,"href":"https:\/\/loni.pl\/en\/wp-json\/wp\/v2\/product_tag?post=7712"}],"curies":[{"name":"wp","href":"https:\/\/api.w.org\/{rel}","templated":true}]}}