{"id":7724,"date":"2022-10-22T23:21:18","date_gmt":"2022-10-22T21:21:18","guid":{"rendered":"http:\/\/loni.pl\/produkt\/odbicie\/"},"modified":"2025-12-13T22:20:28","modified_gmt":"2025-12-13T21:20:28","slug":"odbicie","status":"publish","type":"product","link":"https:\/\/loni.pl\/en\/produkt\/odbicie\/","title":{"rendered":"Odbicie"},"content":{"rendered":"<p>Abstrakcyjny wz\u00f3r, symetrycznie umieszczony na niebieskich skarpetach. Model Odbicie wnosi na Twoje stopy r\u00f3wnowag\u0119. Stabilno\u015b\u0107 i pewno\u015b\u0107 siebie, wyra\u017cone prostymi figurami, zwi\u0119kszaj\u0105 komfort kroczenia przez \u017cycie na w\u0142asnych zasadach. Odbicie to podr\u00f3\u017c w sfer\u0119 balansu i symetrii. Seria Abstract umo\u017cliwia wyra\u017canie siebie na najbardziej abstrakcyjne sposoby, ci\u0105gle na nowo, zaskakuj\u0105c i poprawiaj\u0105c nastr\u00f3j.<\/p>\n","protected":false},"excerpt":{"rendered":"<p>Abstrakcyjny wz\u00f3r, symetrycznie umieszczony na niebieskich skarpetach. Model Odbicie wnosi na Twoje stopy r\u00f3wnowag\u0119. Stabilno\u015b\u0107 i pewno\u015b\u0107 siebie, wyra\u017cone prostymi figurami, zwi\u0119kszaj\u0105 komfort kroczenia przez \u017cycie na w\u0142asnych zasadach. Odbicie to podr\u00f3\u017c w sfer\u0119 balansu i symetrii. Seria Abstract umo\u017cliwia wyra\u017canie siebie na najbardziej abstrakcyjne sposoby, ci\u0105gle na nowo, zaskakuj\u0105c i poprawiaj\u0105c nastr\u00f3j.<\/p>\n","protected":false},"featured_media":9132,"comment_status":"open","ping_status":"closed","template":"","meta":[],"product_cat":[32],"product_tag":[],"class_list":["post-7724","product","type-product","status-publish","has-post-thumbnail","hentry","product_cat-skarpety-abstrakcyjne","pa_blvariant-35-38","pa_blvariant-39-42","pa_blvariant-43-46"],"acf":[],"_links":{"self":[{"href":"https:\/\/loni.pl\/en\/wp-json\/wp\/v2\/product\/7724","targetHints":{"allow":["GET"]}}],"collection":[{"href":"https:\/\/loni.pl\/en\/wp-json\/wp\/v2\/product"}],"about":[{"href":"https:\/\/loni.pl\/en\/wp-json\/wp\/v2\/types\/product"}],"replies":[{"embeddable":true,"href":"https:\/\/loni.pl\/en\/wp-json\/wp\/v2\/comments?post=7724"}],"wp:featuredmedia":[{"embeddable":true,"href":"https:\/\/loni.pl\/en\/wp-json\/wp\/v2\/media\/9132"}],"wp:attachment":[{"href":"https:\/\/loni.pl\/en\/wp-json\/wp\/v2\/media?parent=7724"}],"wp:term":[{"taxonomy":"product_cat","embeddable":true,"href":"https:\/\/loni.pl\/en\/wp-json\/wp\/v2\/product_cat?post=7724"},{"taxonomy":"product_tag","embeddable":true,"href":"https:\/\/loni.pl\/en\/wp-json\/wp\/v2\/product_tag?post=7724"}],"curies":[{"name":"wp","href":"https:\/\/api.w.org\/{rel}","templated":true}]}}