{"id":7737,"date":"2022-10-22T23:21:38","date_gmt":"2022-10-22T21:21:38","guid":{"rendered":"http:\/\/loni.pl\/produkt\/kola-i-kwadraty\/"},"modified":"2022-11-12T11:56:33","modified_gmt":"2022-11-12T10:56:33","slug":"kola-i-kwadraty","status":"publish","type":"product","link":"https:\/\/loni.pl\/en\/produkt\/kola-i-kwadraty\/","title":{"rendered":"Ko\u0142a i kwadraty"},"content":{"rendered":"<p>Przejmuj\u0105ca, elegancka biel, zwie\u0144czona tryskaj\u0105c\u0105 kolorami mozaik\u0105 ma\u0142ych k\u00f3\u0142, wpisanych w kwadratowe p\u0142aszczyzny. Klasyczna biel daje pole do popisu barwnym detalom. Kolorowe elementy modelu Ko\u0142a i kwadraty w bardzo oryginalny spos\u00f3b wyka\u0144czaj\u0105 skarpet\u0119, podkre\u015blaj\u0105c \u0142ydk\u0119 i uzupe\u0142niaj\u0105c kreacj\u0119. Dobrana para z serii Abstract to wyj\u0105tkowe podej\u015bcie do skarpetek, umo\u017cliwiaj\u0105ce wyra\u017canie siebie na mn\u00f3stwo sposob\u00f3w.<\/p>\n","protected":false},"excerpt":{"rendered":"<p>Przejmuj\u0105ca, elegancka biel, zwie\u0144czona tryskaj\u0105c\u0105 kolorami mozaik\u0105 ma\u0142ych k\u00f3\u0142, wpisanych w kwadratowe p\u0142aszczyzny. Klasyczna biel daje pole do popisu barwnym detalom. Kolorowe elementy modelu Ko\u0142a i kwadraty w bardzo oryginalny spos\u00f3b wyka\u0144czaj\u0105 skarpet\u0119, podkre\u015blaj\u0105c \u0142ydk\u0119 i uzupe\u0142niaj\u0105c kreacj\u0119. Dobrana para z serii Abstract to wyj\u0105tkowe podej\u015bcie do skarpetek, umo\u017cliwiaj\u0105ce wyra\u017canie siebie na mn\u00f3stwo sposob\u00f3w.<\/p>\n","protected":false},"featured_media":9134,"comment_status":"open","ping_status":"closed","template":"","meta":[],"product_cat":[32],"product_tag":[],"class_list":["post-7737","product","type-product","status-publish","has-post-thumbnail","hentry","product_cat-skarpety-abstrakcyjne","pa_blvariant-35-38","pa_blvariant-39-42","pa_blvariant-43-46"],"acf":[],"_links":{"self":[{"href":"https:\/\/loni.pl\/en\/wp-json\/wp\/v2\/product\/7737","targetHints":{"allow":["GET"]}}],"collection":[{"href":"https:\/\/loni.pl\/en\/wp-json\/wp\/v2\/product"}],"about":[{"href":"https:\/\/loni.pl\/en\/wp-json\/wp\/v2\/types\/product"}],"replies":[{"embeddable":true,"href":"https:\/\/loni.pl\/en\/wp-json\/wp\/v2\/comments?post=7737"}],"wp:featuredmedia":[{"embeddable":true,"href":"https:\/\/loni.pl\/en\/wp-json\/wp\/v2\/media\/9134"}],"wp:attachment":[{"href":"https:\/\/loni.pl\/en\/wp-json\/wp\/v2\/media?parent=7737"}],"wp:term":[{"taxonomy":"product_cat","embeddable":true,"href":"https:\/\/loni.pl\/en\/wp-json\/wp\/v2\/product_cat?post=7737"},{"taxonomy":"product_tag","embeddable":true,"href":"https:\/\/loni.pl\/en\/wp-json\/wp\/v2\/product_tag?post=7737"}],"curies":[{"name":"wp","href":"https:\/\/api.w.org\/{rel}","templated":true}]}}