{"id":7743,"date":"2022-10-22T23:21:46","date_gmt":"2022-10-22T21:21:46","guid":{"rendered":"http:\/\/loni.pl\/produkt\/fragmentacja-okregu\/"},"modified":"2022-11-12T11:57:03","modified_gmt":"2022-11-12T10:57:03","slug":"fragmentacja-okregu","status":"publish","type":"product","link":"https:\/\/loni.pl\/en\/produkt\/fragmentacja-okregu\/","title":{"rendered":"Fragmentacja okr\u0119gu"},"content":{"rendered":"<p>Doskona\u0142y wyb\u00f3r! \u017bywe, pi\u0119kne, radosne kolory, splecione we wz\u00f3r, w kt\u00f3rym g\u0142\u00f3wnym bohaterem jest okr\u0105g. Ka\u017cdy z kwadrat\u00f3w wzoru proponuje nam odrobin\u0119 odmienne spojrzenie na bohatera. Prezentowane s\u0105 nam jego fragmenty, zestawiane ze sob\u0105 w r\u00f3\u017cnych kombinacjach. To radosna, kolorowa wyprawa po geometrycznej zabawie fragmentacj\u0105 okr\u0119gu. Dobrana para, kt\u00f3ra doda odrobin\u0119 czego\u015b ekstra do ka\u017cdego outfitu.<\/p>\n","protected":false},"excerpt":{"rendered":"<p>Doskona\u0142y wyb\u00f3r! \u017bywe, pi\u0119kne, radosne kolory, splecione we wz\u00f3r, w kt\u00f3rym g\u0142\u00f3wnym bohaterem jest okr\u0105g. Ka\u017cdy z kwadrat\u00f3w wzoru proponuje nam odrobin\u0119 odmienne spojrzenie na bohatera. Prezentowane s\u0105 nam jego fragmenty, zestawiane ze sob\u0105 w r\u00f3\u017cnych kombinacjach. To radosna, kolorowa wyprawa po geometrycznej zabawie fragmentacj\u0105 okr\u0119gu. Dobrana para, kt\u00f3ra doda odrobin\u0119 czego\u015b ekstra do ka\u017cdego [&hellip;]<\/p>\n","protected":false},"featured_media":9135,"comment_status":"open","ping_status":"closed","template":"","meta":[],"product_cat":[32],"product_tag":[],"class_list":["post-7743","product","type-product","status-publish","has-post-thumbnail","hentry","product_cat-skarpety-abstrakcyjne","pa_blvariant-35-38","pa_blvariant-39-42","pa_blvariant-43-46"],"acf":[],"_links":{"self":[{"href":"https:\/\/loni.pl\/en\/wp-json\/wp\/v2\/product\/7743","targetHints":{"allow":["GET"]}}],"collection":[{"href":"https:\/\/loni.pl\/en\/wp-json\/wp\/v2\/product"}],"about":[{"href":"https:\/\/loni.pl\/en\/wp-json\/wp\/v2\/types\/product"}],"replies":[{"embeddable":true,"href":"https:\/\/loni.pl\/en\/wp-json\/wp\/v2\/comments?post=7743"}],"wp:featuredmedia":[{"embeddable":true,"href":"https:\/\/loni.pl\/en\/wp-json\/wp\/v2\/media\/9135"}],"wp:attachment":[{"href":"https:\/\/loni.pl\/en\/wp-json\/wp\/v2\/media?parent=7743"}],"wp:term":[{"taxonomy":"product_cat","embeddable":true,"href":"https:\/\/loni.pl\/en\/wp-json\/wp\/v2\/product_cat?post=7743"},{"taxonomy":"product_tag","embeddable":true,"href":"https:\/\/loni.pl\/en\/wp-json\/wp\/v2\/product_tag?post=7743"}],"curies":[{"name":"wp","href":"https:\/\/api.w.org\/{rel}","templated":true}]}}