{"id":7762,"date":"2022-10-22T23:22:37","date_gmt":"2022-10-22T21:22:37","guid":{"rendered":"http:\/\/loni.pl\/produkt\/szybka-para\/"},"modified":"2025-11-30T20:15:15","modified_gmt":"2025-11-30T19:15:15","slug":"szybka-para","status":"publish","type":"product","link":"https:\/\/loni.pl\/en\/produkt\/szybka-para\/","title":{"rendered":"Szybka para"},"content":{"rendered":"<p>Model dla wszystkich kochaj\u0105cych pr\u0119dko\u015b\u0107. Szybka para jest jak krajobraz, zmieniaj\u0105cy si\u0119 za szybami i p\u0119d powietrza w trakcie jazdy. To model wr\u0119cz obowi\u0105zkowy dla pasjonat\u00f3w motoryzacji. Niesamowite kolory i klasyczne samochody dodadz\u0105 Ci szybko\u015b\u0107 w drodze po swoje! W LONI mamy pary dobrane do ka\u017cdej okoliczno\u015bci. Szybka para jest wprost stworzona do jazdy!<\/p>\n","protected":false},"excerpt":{"rendered":"<p>Model dla wszystkich kochaj\u0105cych pr\u0119dko\u015b\u0107. Szybka para jest jak krajobraz, zmieniaj\u0105cy si\u0119 za szybami i p\u0119d powietrza w trakcie jazdy. To model wr\u0119cz obowi\u0105zkowy dla pasjonat\u00f3w motoryzacji. Niesamowite kolory i klasyczne samochody dodadz\u0105 Ci szybko\u015b\u0107 w drodze po swoje! W LONI mamy pary dobrane do ka\u017cdej okoliczno\u015bci. Szybka para jest wprost stworzona do jazdy!<\/p>\n","protected":false},"featured_media":9140,"comment_status":"open","ping_status":"closed","template":"","meta":[],"product_cat":[33],"product_tag":[],"class_list":["post-7762","product","type-product","status-publish","has-post-thumbnail","hentry","product_cat-skarpety-w-auta","pa_blvariant-35-38","pa_blvariant-39-42","pa_blvariant-43-46"],"acf":[],"_links":{"self":[{"href":"https:\/\/loni.pl\/en\/wp-json\/wp\/v2\/product\/7762","targetHints":{"allow":["GET"]}}],"collection":[{"href":"https:\/\/loni.pl\/en\/wp-json\/wp\/v2\/product"}],"about":[{"href":"https:\/\/loni.pl\/en\/wp-json\/wp\/v2\/types\/product"}],"replies":[{"embeddable":true,"href":"https:\/\/loni.pl\/en\/wp-json\/wp\/v2\/comments?post=7762"}],"wp:featuredmedia":[{"embeddable":true,"href":"https:\/\/loni.pl\/en\/wp-json\/wp\/v2\/media\/9140"}],"wp:attachment":[{"href":"https:\/\/loni.pl\/en\/wp-json\/wp\/v2\/media?parent=7762"}],"wp:term":[{"taxonomy":"product_cat","embeddable":true,"href":"https:\/\/loni.pl\/en\/wp-json\/wp\/v2\/product_cat?post=7762"},{"taxonomy":"product_tag","embeddable":true,"href":"https:\/\/loni.pl\/en\/wp-json\/wp\/v2\/product_tag?post=7762"}],"curies":[{"name":"wp","href":"https:\/\/api.w.org\/{rel}","templated":true}]}}