{"id":9426,"date":"2022-10-22T23:19:02","date_gmt":"2022-10-22T21:19:02","guid":{"rendered":"http:\/\/loni.pl\/produkt\/pudlowa-zielen\/"},"modified":"2025-12-16T06:19:20","modified_gmt":"2025-12-16T05:19:20","slug":"pudlowa-zielen","status":"publish","type":"product","link":"https:\/\/loni.pl\/en\/product\/pudlowa-zielen\/","title":{"rendered":"Pudlowa ziele\u0144"},"content":{"rendered":"<h5 id=\"skarpetki-z-pudlem\" class=\"heading-anchor\">Skarpetki z pudlem<\/h5>\n<p>Grzeczne, zielone skarpetki z pudelkami nie kaprysz\u0105 na spacerach i uwielbiaj\u0105 ma\u0142e, klimatyczne kafejki. Pudlowa ziele\u0144 to para dobrana do croissanta, poezji i francuskiego kina.\u00a0Muzea i galerie to jej \u015brodowisko naturalne. Bardzo dobrze znosi towarzystwo szampana i umie si\u0119 zachowa\u0107 przy wieczornych spotkaniach z przyjaci\u00f3\u0142mi. Pi\u0119knie prezentuje si\u0119 w blasku \u015bwiec.\u00a0Pudlowa ziele\u0144 to wspania\u0142y dodatek do beretu, parasolki i wieczornej lampki wina.<\/p>\n","protected":false},"excerpt":{"rendered":"<p>Skarpetki z pudlem Grzeczne, zielone skarpetki z pudelkami nie kaprysz\u0105 na spacerach i uwielbiaj\u0105 ma\u0142e, klimatyczne kafejki. Pudlowa ziele\u0144 to para dobrana do croissanta, poezji i francuskiego kina.\u00a0Muzea i galerie to jej \u015brodowisko naturalne. Bardzo dobrze znosi towarzystwo szampana i umie si\u0119 zachowa\u0107 przy wieczornych spotkaniach z przyjaci\u00f3\u0142mi. Pi\u0119knie prezentuje si\u0119 w blasku \u015bwiec.\u00a0Pudlowa ziele\u0144 [&hellip;]<\/p>\n","protected":false},"featured_media":9433,"comment_status":"open","ping_status":"closed","template":"","meta":[],"product_cat":[78,82],"product_tag":[],"class_list":["post-9426","product","type-product","status-publish","has-post-thumbnail","hentry","product_cat-bestsellery-en","product_cat-skarpety-w-psy-en","pa_blvariant-35-38","pa_blvariant-39-42","pa_blvariant-43-46"],"acf":[],"_links":{"self":[{"href":"https:\/\/loni.pl\/en\/wp-json\/wp\/v2\/product\/9426","targetHints":{"allow":["GET"]}}],"collection":[{"href":"https:\/\/loni.pl\/en\/wp-json\/wp\/v2\/product"}],"about":[{"href":"https:\/\/loni.pl\/en\/wp-json\/wp\/v2\/types\/product"}],"replies":[{"embeddable":true,"href":"https:\/\/loni.pl\/en\/wp-json\/wp\/v2\/comments?post=9426"}],"wp:featuredmedia":[{"embeddable":true,"href":"https:\/\/loni.pl\/en\/wp-json\/wp\/v2\/media\/9433"}],"wp:attachment":[{"href":"https:\/\/loni.pl\/en\/wp-json\/wp\/v2\/media?parent=9426"}],"wp:term":[{"taxonomy":"product_cat","embeddable":true,"href":"https:\/\/loni.pl\/en\/wp-json\/wp\/v2\/product_cat?post=9426"},{"taxonomy":"product_tag","embeddable":true,"href":"https:\/\/loni.pl\/en\/wp-json\/wp\/v2\/product_tag?post=9426"}],"curies":[{"name":"wp","href":"https:\/\/api.w.org\/{rel}","templated":true}]}}