{"id":9570,"date":"2022-10-22T23:25:05","date_gmt":"2022-10-22T21:25:05","guid":{"rendered":"http:\/\/loni.pl\/produkt\/pudrowe-oczko\/"},"modified":"2022-12-20T00:14:20","modified_gmt":"2022-12-19T23:14:20","slug":"pudrowe-oczko-2","status":"publish","type":"product","link":"https:\/\/loni.pl\/en\/product\/pudrowe-oczko-2\/","title":{"rendered":"Pudrowe oczko"},"content":{"rendered":"<h4 id=\"skarpetki-oko\" class=\"heading-anchor\">Skarpetki oko<\/h4>\n<p>Pudrowy r\u00f3\u017c i tajemnicze mrugni\u0119cie, puszczone pewnego wieczoru na przyj\u0119ciu. A mo\u017ce to by\u0142o popo\u0142udnie i sklep spo\u017cywczy? Albo poranek, na spacerze z psem? R\u00f3\u017cne historie, te same tajemnicze mrugni\u0119cie, kt\u00f3re zostaje w pami\u0119ci na d\u0142ugi czas. Pudrowe oczko z serii Venus to jeden z tych zapadaj\u0105cych w pami\u0119\u0107 modeli. Wykorzystywany \u015bwiadomie, daje wielk\u0105 moc! No\u015b z rozwag\u0105. Albo no\u015b tak jak lubisz i baw si\u0119 dobrze!<\/p>\n","protected":false},"excerpt":{"rendered":"<p>Skarpetki oko Pudrowy r\u00f3\u017c i tajemnicze mrugni\u0119cie, puszczone pewnego wieczoru na przyj\u0119ciu. A mo\u017ce to by\u0142o popo\u0142udnie i sklep spo\u017cywczy? Albo poranek, na spacerze z psem? R\u00f3\u017cne historie, te same tajemnicze mrugni\u0119cie, kt\u00f3re zostaje w pami\u0119ci na d\u0142ugi czas. Pudrowe oczko z serii Venus to jeden z tych zapadaj\u0105cych w pami\u0119\u0107 modeli. Wykorzystywany \u015bwiadomie, daje [&hellip;]<\/p>\n","protected":false},"featured_media":9571,"comment_status":"open","ping_status":"closed","template":"","meta":[],"product_cat":[85,77],"product_tag":[],"class_list":["post-9570","product","type-product","status-publish","has-post-thumbnail","hentry","product_cat-nowosci-en","product_cat-skarpetki-venus","pa_blvariant-35-38","pa_blvariant-39-42","pa_blvariant-43-46"],"acf":[],"_links":{"self":[{"href":"https:\/\/loni.pl\/en\/wp-json\/wp\/v2\/product\/9570","targetHints":{"allow":["GET"]}}],"collection":[{"href":"https:\/\/loni.pl\/en\/wp-json\/wp\/v2\/product"}],"about":[{"href":"https:\/\/loni.pl\/en\/wp-json\/wp\/v2\/types\/product"}],"replies":[{"embeddable":true,"href":"https:\/\/loni.pl\/en\/wp-json\/wp\/v2\/comments?post=9570"}],"wp:featuredmedia":[{"embeddable":true,"href":"https:\/\/loni.pl\/en\/wp-json\/wp\/v2\/media\/9571"}],"wp:attachment":[{"href":"https:\/\/loni.pl\/en\/wp-json\/wp\/v2\/media?parent=9570"}],"wp:term":[{"taxonomy":"product_cat","embeddable":true,"href":"https:\/\/loni.pl\/en\/wp-json\/wp\/v2\/product_cat?post=9570"},{"taxonomy":"product_tag","embeddable":true,"href":"https:\/\/loni.pl\/en\/wp-json\/wp\/v2\/product_tag?post=9570"}],"curies":[{"name":"wp","href":"https:\/\/api.w.org\/{rel}","templated":true}]}}