{"id":9591,"date":"2022-10-22T23:24:17","date_gmt":"2022-10-22T21:24:17","guid":{"rendered":"http:\/\/loni.pl\/produkt\/tancerki-loni\/"},"modified":"2022-11-28T10:48:57","modified_gmt":"2022-11-28T09:48:57","slug":"tancerki-loni","status":"publish","type":"product","link":"https:\/\/loni.pl\/en\/product\/tancerki-loni\/","title":{"rendered":"Tancerki LONI"},"content":{"rendered":"<p>Tancerki LONI to wyraz naszej mi\u0142o\u015bci do ruchu. Gdy powietrze przepe\u0142nia muzyka, a biodra same zaczynaj\u0105 si\u0119 wi\u0107 wiedz, \u017ce co\u015b si\u0119 dzieje! Model odpowiedni na imprezy klubowe i dom\u00f3wki. Sprawdzi si\u0119 w\u0142a\u015bciwie w dowolnej formie ta\u0144ca i w ka\u017cdym tempie. Nieskr\u0119powana energia, dziko\u015b\u0107 n\u00f3g, falowanie bioder i ogie\u0144 w sercu! Ta\u0144cz sw\u00f3j taniec w dobranej parze Tancerki LONI z serii Venus.<\/p>\n","protected":false},"excerpt":{"rendered":"<p>Tancerki LONI to wyraz naszej mi\u0142o\u015bci do ruchu. Gdy powietrze przepe\u0142nia muzyka, a biodra same zaczynaj\u0105 si\u0119 wi\u0107 wiedz, \u017ce co\u015b si\u0119 dzieje! Model odpowiedni na imprezy klubowe i dom\u00f3wki. Sprawdzi si\u0119 w\u0142a\u015bciwie w dowolnej formie ta\u0144ca i w ka\u017cdym tempie. Nieskr\u0119powana energia, dziko\u015b\u0107 n\u00f3g, falowanie bioder i ogie\u0144 w sercu! Ta\u0144cz sw\u00f3j taniec w [&hellip;]<\/p>\n","protected":false},"featured_media":9592,"comment_status":"open","ping_status":"closed","template":"","meta":[],"product_cat":[77],"product_tag":[],"class_list":["post-9591","product","type-product","status-publish","has-post-thumbnail","hentry","product_cat-skarpetki-venus","pa_blvariant-35-38","pa_blvariant-39-42","pa_blvariant-43-46"],"acf":[],"_links":{"self":[{"href":"https:\/\/loni.pl\/en\/wp-json\/wp\/v2\/product\/9591","targetHints":{"allow":["GET"]}}],"collection":[{"href":"https:\/\/loni.pl\/en\/wp-json\/wp\/v2\/product"}],"about":[{"href":"https:\/\/loni.pl\/en\/wp-json\/wp\/v2\/types\/product"}],"replies":[{"embeddable":true,"href":"https:\/\/loni.pl\/en\/wp-json\/wp\/v2\/comments?post=9591"}],"wp:featuredmedia":[{"embeddable":true,"href":"https:\/\/loni.pl\/en\/wp-json\/wp\/v2\/media\/9592"}],"wp:attachment":[{"href":"https:\/\/loni.pl\/en\/wp-json\/wp\/v2\/media?parent=9591"}],"wp:term":[{"taxonomy":"product_cat","embeddable":true,"href":"https:\/\/loni.pl\/en\/wp-json\/wp\/v2\/product_cat?post=9591"},{"taxonomy":"product_tag","embeddable":true,"href":"https:\/\/loni.pl\/en\/wp-json\/wp\/v2\/product_tag?post=9591"}],"curies":[{"name":"wp","href":"https:\/\/api.w.org\/{rel}","templated":true}]}}