{"id":9633,"date":"2022-10-22T23:23:38","date_gmt":"2022-10-22T21:23:38","guid":{"rendered":"http:\/\/loni.pl\/produkt\/granatowy-mondrian\/"},"modified":"2022-12-15T00:02:37","modified_gmt":"2022-12-14T23:02:37","slug":"granatowy-mondrian-2","status":"publish","type":"product","link":"https:\/\/loni.pl\/en\/product\/granatowy-mondrian-2\/","title":{"rendered":"Granatowy Mondrian"},"content":{"rendered":"<h4 id=\"skarpetki-mondrian\" class=\"heading-anchor\">Skarpetki Mondrian<\/h4>\n<p>Model, w kt\u00f3rym granatow\u0105 skarpetk\u0119 podkr\u0119cili\u015bmy abstrakcyjnymi inspiracjami Mondriana. Jest co\u015b specyficznego w klasycznych, granatowych skarpetkach. My chcieli\u015bmy, \u017ceby by\u0142o w nich co\u015b innego. Dla tego dorzucili\u015bmy wkr\u0119caj\u0105ce, prostok\u0105tne motywy i w efekcie mo\u017cecie si\u0119gn\u0105\u0107 po dobran\u0105 par\u0119 Granatowy Mondrian. Granatowe skarpetki maj\u0105 znacznie wi\u0119cej potencja\u0142u, ni\u017c nam si\u0119 wydaje. Wyzwala go odrobina abstrakcji.<\/p>\n","protected":false},"excerpt":{"rendered":"<p>Skarpetki Mondrian Model, w kt\u00f3rym granatow\u0105 skarpetk\u0119 podkr\u0119cili\u015bmy abstrakcyjnymi inspiracjami Mondriana. Jest co\u015b specyficznego w klasycznych, granatowych skarpetkach. My chcieli\u015bmy, \u017ceby by\u0142o w nich co\u015b innego. Dla tego dorzucili\u015bmy wkr\u0119caj\u0105ce, prostok\u0105tne motywy i w efekcie mo\u017cecie si\u0119gn\u0105\u0107 po dobran\u0105 par\u0119 Granatowy Mondrian. Granatowe skarpetki maj\u0105 znacznie wi\u0119cej potencja\u0142u, ni\u017c nam si\u0119 wydaje. Wyzwala go odrobina [&hellip;]<\/p>\n","protected":false},"featured_media":9634,"comment_status":"open","ping_status":"closed","template":"","meta":[],"product_cat":[86],"product_tag":[],"class_list":["post-9633","product","type-product","status-publish","has-post-thumbnail","hentry","product_cat-skarpetki-mondrian","pa_blvariant-35-38","pa_blvariant-39-42","pa_blvariant-43-46"],"acf":[],"_links":{"self":[{"href":"https:\/\/loni.pl\/en\/wp-json\/wp\/v2\/product\/9633","targetHints":{"allow":["GET"]}}],"collection":[{"href":"https:\/\/loni.pl\/en\/wp-json\/wp\/v2\/product"}],"about":[{"href":"https:\/\/loni.pl\/en\/wp-json\/wp\/v2\/types\/product"}],"replies":[{"embeddable":true,"href":"https:\/\/loni.pl\/en\/wp-json\/wp\/v2\/comments?post=9633"}],"wp:featuredmedia":[{"embeddable":true,"href":"https:\/\/loni.pl\/en\/wp-json\/wp\/v2\/media\/9634"}],"wp:attachment":[{"href":"https:\/\/loni.pl\/en\/wp-json\/wp\/v2\/media?parent=9633"}],"wp:term":[{"taxonomy":"product_cat","embeddable":true,"href":"https:\/\/loni.pl\/en\/wp-json\/wp\/v2\/product_cat?post=9633"},{"taxonomy":"product_tag","embeddable":true,"href":"https:\/\/loni.pl\/en\/wp-json\/wp\/v2\/product_tag?post=9633"}],"curies":[{"name":"wp","href":"https:\/\/api.w.org\/{rel}","templated":true}]}}