{"id":7661,"date":"2022-10-22T23:19:13","date_gmt":"2022-10-22T21:19:13","guid":{"rendered":"http:\/\/loni.pl\/produkt\/psia-kosc\/"},"modified":"2025-12-15T22:24:48","modified_gmt":"2025-12-15T21:24:48","slug":"psia-kosc","status":"publish","type":"product","link":"https:\/\/loni.pl\/es\/produkt\/psia-kosc\/","title":{"rendered":"Psia ko\u015b\u0107"},"content":{"rendered":"<h4 id=\"skarpetki-w-kosci\" class=\"heading-anchor\">Skarpetki w ko\u015bci<\/h4>\n<p>Kosteczki po sam\u0105 \u0142ydk\u0119! To co pieski lubi\u0105 najbardziej. Nasze skarpetki Psia ko\u015b\u0107 to motyw m\u00f3wi\u0105cy jedno: kocham pieski. Psia ko\u015b\u0107 to rado\u015b\u0107 ze wsp\u00f3lnych spacer\u00f3w i zabaw. To uczucie mi\u0142o\u015bci wplecione w bawe\u0142n\u0119, towarzysz\u0105ce powrotom do domu, w kt\u00f3rym czeka z ut\u0119sknieniem wierny pupil. To spos\u00f3b na uczczenie tej niesamowitej wi\u0119zi jak\u0105 tworz\u0105 piesek i jego opiekun. Je\u017celi w Waszych my\u015blach cz\u0119sto goszcz\u0105 \u0142apki, uszka i noski to Psia ko\u015b\u0107 jest w\u0142a\u015bnie dla Was!<\/p>\n","protected":false},"excerpt":{"rendered":"<p>Skarpetki w ko\u015bci Kosteczki po sam\u0105 \u0142ydk\u0119! To co pieski lubi\u0105 najbardziej. Nasze skarpetki Psia ko\u015b\u0107 to motyw m\u00f3wi\u0105cy jedno: kocham pieski. Psia ko\u015b\u0107 to rado\u015b\u0107 ze wsp\u00f3lnych spacer\u00f3w i zabaw. To uczucie mi\u0142o\u015bci wplecione w bawe\u0142n\u0119, towarzysz\u0105ce powrotom do domu, w kt\u00f3rym czeka z ut\u0119sknieniem wierny pupil. To spos\u00f3b na uczczenie tej niesamowitej wi\u0119zi [&hellip;]<\/p>\n","protected":false},"featured_media":9122,"comment_status":"open","ping_status":"closed","template":"","meta":[],"product_cat":[28,19],"product_tag":[],"class_list":["post-7661","product","type-product","status-publish","has-post-thumbnail","hentry","product_cat-skarpety-w-psy","product_cat-nowosci","pa_blvariant-35-38","pa_blvariant-39-42","pa_blvariant-43-46"],"acf":[],"_links":{"self":[{"href":"https:\/\/loni.pl\/es\/wp-json\/wp\/v2\/product\/7661","targetHints":{"allow":["GET"]}}],"collection":[{"href":"https:\/\/loni.pl\/es\/wp-json\/wp\/v2\/product"}],"about":[{"href":"https:\/\/loni.pl\/es\/wp-json\/wp\/v2\/types\/product"}],"replies":[{"embeddable":true,"href":"https:\/\/loni.pl\/es\/wp-json\/wp\/v2\/comments?post=7661"}],"wp:featuredmedia":[{"embeddable":true,"href":"https:\/\/loni.pl\/es\/wp-json\/wp\/v2\/media\/9122"}],"wp:attachment":[{"href":"https:\/\/loni.pl\/es\/wp-json\/wp\/v2\/media?parent=7661"}],"wp:term":[{"taxonomy":"product_cat","embeddable":true,"href":"https:\/\/loni.pl\/es\/wp-json\/wp\/v2\/product_cat?post=7661"},{"taxonomy":"product_tag","embeddable":true,"href":"https:\/\/loni.pl\/es\/wp-json\/wp\/v2\/product_tag?post=7661"}],"curies":[{"name":"wp","href":"https:\/\/api.w.org\/{rel}","templated":true}]}}