{"id":7718,"date":"2022-10-22T23:21:10","date_gmt":"2022-10-22T21:21:10","guid":{"rendered":"http:\/\/loni.pl\/produkt\/tunel\/"},"modified":"2025-12-13T14:20:27","modified_gmt":"2025-12-13T13:20:27","slug":"tunel","status":"publish","type":"product","link":"https:\/\/loni.pl\/es\/produkt\/tunel\/","title":{"rendered":"Tunel"},"content":{"rendered":"<p>G\u0142\u0119bia czerni, chaos i niesko\u0144czono\u015b\u0107 mo\u017cliwo\u015bci. W tym niesko\u0144czonym potencjale rodzi si\u0119 co\u015b, punk, obiekt. Rozbija zwart\u0105 czer\u0144 bawe\u0142ny i dope\u0142nia wz\u00f3r modelu Tunel z kolekcji Abstract. Wz\u00f3r to wariacja na temat klasycznych czarnych skarpetek do garnituru. Takie czarne skarpetki z twistem. Model, w przeciwie\u0144stwie do swojego klasycznego \u017ar\u00f3d\u0142a inspiracji, polecamy dobiera\u0107 do ka\u017cdego stroju. Wyra\u017cajcie siebie, tak jak lubicie.<\/p>\n","protected":false},"excerpt":{"rendered":"<p>G\u0142\u0119bia czerni, chaos i niesko\u0144czono\u015b\u0107 mo\u017cliwo\u015bci. W tym niesko\u0144czonym potencjale rodzi si\u0119 co\u015b, punk, obiekt. Rozbija zwart\u0105 czer\u0144 bawe\u0142ny i dope\u0142nia wz\u00f3r modelu Tunel z kolekcji Abstract. Wz\u00f3r to wariacja na temat klasycznych czarnych skarpetek do garnituru. Takie czarne skarpetki z twistem. Model, w przeciwie\u0144stwie do swojego klasycznego \u017ar\u00f3d\u0142a inspiracji, polecamy dobiera\u0107 do ka\u017cdego stroju. [&hellip;]<\/p>\n","protected":false},"featured_media":9131,"comment_status":"open","ping_status":"closed","template":"","meta":[],"product_cat":[32],"product_tag":[],"class_list":["post-7718","product","type-product","status-publish","has-post-thumbnail","hentry","product_cat-skarpety-abstrakcyjne","pa_blvariant-35-38","pa_blvariant-39-42","pa_blvariant-43-46"],"acf":[],"_links":{"self":[{"href":"https:\/\/loni.pl\/es\/wp-json\/wp\/v2\/product\/7718","targetHints":{"allow":["GET"]}}],"collection":[{"href":"https:\/\/loni.pl\/es\/wp-json\/wp\/v2\/product"}],"about":[{"href":"https:\/\/loni.pl\/es\/wp-json\/wp\/v2\/types\/product"}],"replies":[{"embeddable":true,"href":"https:\/\/loni.pl\/es\/wp-json\/wp\/v2\/comments?post=7718"}],"wp:featuredmedia":[{"embeddable":true,"href":"https:\/\/loni.pl\/es\/wp-json\/wp\/v2\/media\/9131"}],"wp:attachment":[{"href":"https:\/\/loni.pl\/es\/wp-json\/wp\/v2\/media?parent=7718"}],"wp:term":[{"taxonomy":"product_cat","embeddable":true,"href":"https:\/\/loni.pl\/es\/wp-json\/wp\/v2\/product_cat?post=7718"},{"taxonomy":"product_tag","embeddable":true,"href":"https:\/\/loni.pl\/es\/wp-json\/wp\/v2\/product_tag?post=7718"}],"curies":[{"name":"wp","href":"https:\/\/api.w.org\/{rel}","templated":true}]}}