{"id":7798,"date":"2022-10-22T23:23:22","date_gmt":"2022-10-22T21:23:22","guid":{"rendered":"http:\/\/loni.pl\/produkt\/zolta-para\/"},"modified":"2025-01-13T14:43:27","modified_gmt":"2025-01-13T13:43:27","slug":"zolta-para","status":"publish","type":"product","link":"https:\/\/loni.pl\/es\/produkt\/zolta-para\/","title":{"rendered":"\u017b\u00f3\u0142ta para"},"content":{"rendered":"<h4 id=\"skarpetki-mondrian\" class=\"heading-anchor\">Skarpetki Mondrian<\/h4>\n<p>Radosny, \u017c\u00f3\u0142ty profil zwie\u0144czony odrobin\u0105 abstrakcji inspirowanej Mondrianem &#8211; taki jest w\u0142a\u015bnie nasz model \u017b\u00f3\u0142ta para. Polecamy go jako wyra\u017any dodatek do kreacji. Decyduj\u0105c si\u0119 na kolor \u017c\u00f3\u0142ty, wiedzieli\u015bmy, \u017ce tworzymy dobran\u0105 par\u0119, kt\u00f3ra b\u0119dzie przyci\u0105ga\u0107 wzrok. Detal ko\u0144cz\u0105cy skarpetk\u0119 to efekt romansu wysokiej jako\u015bci bawe\u0142ny z abstrakcj\u0105. Jest jak bilet do troch\u0119 bardziej kolorowego \u015bwiata.<\/p>\n","protected":false},"excerpt":{"rendered":"<p>Skarpetki Mondrian Radosny, \u017c\u00f3\u0142ty profil zwie\u0144czony odrobin\u0105 abstrakcji inspirowanej Mondrianem &#8211; taki jest w\u0142a\u015bnie nasz model \u017b\u00f3\u0142ta para. Polecamy go jako wyra\u017any dodatek do kreacji. Decyduj\u0105c si\u0119 na kolor \u017c\u00f3\u0142ty, wiedzieli\u015bmy, \u017ce tworzymy dobran\u0105 par\u0119, kt\u00f3ra b\u0119dzie przyci\u0105ga\u0107 wzrok. Detal ko\u0144cz\u0105cy skarpetk\u0119 to efekt romansu wysokiej jako\u015bci bawe\u0142ny z abstrakcj\u0105. Jest jak bilet do troch\u0119 [&hellip;]<\/p>\n","protected":false},"featured_media":9147,"comment_status":"open","ping_status":"closed","template":"","meta":[],"product_cat":[34],"product_tag":[],"class_list":["post-7798","product","type-product","status-publish","has-post-thumbnail","hentry","product_cat-skarpety-mondrian","pa_blvariant-35-38","pa_blvariant-39-42","pa_blvariant-43-46"],"acf":[],"_links":{"self":[{"href":"https:\/\/loni.pl\/es\/wp-json\/wp\/v2\/product\/7798","targetHints":{"allow":["GET"]}}],"collection":[{"href":"https:\/\/loni.pl\/es\/wp-json\/wp\/v2\/product"}],"about":[{"href":"https:\/\/loni.pl\/es\/wp-json\/wp\/v2\/types\/product"}],"replies":[{"embeddable":true,"href":"https:\/\/loni.pl\/es\/wp-json\/wp\/v2\/comments?post=7798"}],"wp:featuredmedia":[{"embeddable":true,"href":"https:\/\/loni.pl\/es\/wp-json\/wp\/v2\/media\/9147"}],"wp:attachment":[{"href":"https:\/\/loni.pl\/es\/wp-json\/wp\/v2\/media?parent=7798"}],"wp:term":[{"taxonomy":"product_cat","embeddable":true,"href":"https:\/\/loni.pl\/es\/wp-json\/wp\/v2\/product_cat?post=7798"},{"taxonomy":"product_tag","embeddable":true,"href":"https:\/\/loni.pl\/es\/wp-json\/wp\/v2\/product_tag?post=7798"}],"curies":[{"name":"wp","href":"https:\/\/api.w.org\/{rel}","templated":true}]}}