{"id":7804,"date":"2022-10-22T23:23:30","date_gmt":"2022-10-22T21:23:30","guid":{"rendered":"http:\/\/loni.pl\/produkt\/mondrian-przez-srodek\/"},"modified":"2025-11-22T14:20:20","modified_gmt":"2025-11-22T13:20:20","slug":"mondrian-przez-srodek","status":"publish","type":"product","link":"https:\/\/loni.pl\/es\/produkt\/mondrian-przez-srodek\/","title":{"rendered":"Mondrian przez \u015brodek"},"content":{"rendered":"<h4 id=\"skarpetki-mondrian\" class=\"heading-anchor\">Skarpetki Mondrian<\/h4>\n<p>Dobrana para Mondrian przez \u015brodek to elegancka, bia\u0142a skarpetka z doskona\u0142ej bawe\u0142ny z kozackim wzorem inspirowanym Mondrian, biegn\u0105cym przez \u015brodek. Polecamy wszystkim abstrakcyjnym nosicielom skarpetek. Dorzu\u0107cie do swojej szuflady kolejne arcydzie\u0142o i wyra\u017cajcie siebie jeszcze pe\u0142niej. Odrobina abstrakcji jest doskona\u0142\u0105 wisienk\u0105 na torcie ka\u017cdej stylizacji.<\/p>\n","protected":false},"excerpt":{"rendered":"<p>Skarpetki Mondrian Dobrana para Mondrian przez \u015brodek to elegancka, bia\u0142a skarpetka z doskona\u0142ej bawe\u0142ny z kozackim wzorem inspirowanym Mondrian, biegn\u0105cym przez \u015brodek. Polecamy wszystkim abstrakcyjnym nosicielom skarpetek. Dorzu\u0107cie do swojej szuflady kolejne arcydzie\u0142o i wyra\u017cajcie siebie jeszcze pe\u0142niej. Odrobina abstrakcji jest doskona\u0142\u0105 wisienk\u0105 na torcie ka\u017cdej stylizacji.<\/p>\n","protected":false},"featured_media":9148,"comment_status":"open","ping_status":"closed","template":"","meta":[],"product_cat":[34],"product_tag":[],"class_list":["post-7804","product","type-product","status-publish","has-post-thumbnail","hentry","product_cat-skarpety-mondrian","pa_blvariant-35-38","pa_blvariant-39-42","pa_blvariant-43-46"],"acf":[],"_links":{"self":[{"href":"https:\/\/loni.pl\/es\/wp-json\/wp\/v2\/product\/7804","targetHints":{"allow":["GET"]}}],"collection":[{"href":"https:\/\/loni.pl\/es\/wp-json\/wp\/v2\/product"}],"about":[{"href":"https:\/\/loni.pl\/es\/wp-json\/wp\/v2\/types\/product"}],"replies":[{"embeddable":true,"href":"https:\/\/loni.pl\/es\/wp-json\/wp\/v2\/comments?post=7804"}],"wp:featuredmedia":[{"embeddable":true,"href":"https:\/\/loni.pl\/es\/wp-json\/wp\/v2\/media\/9148"}],"wp:attachment":[{"href":"https:\/\/loni.pl\/es\/wp-json\/wp\/v2\/media?parent=7804"}],"wp:term":[{"taxonomy":"product_cat","embeddable":true,"href":"https:\/\/loni.pl\/es\/wp-json\/wp\/v2\/product_cat?post=7804"},{"taxonomy":"product_tag","embeddable":true,"href":"https:\/\/loni.pl\/es\/wp-json\/wp\/v2\/product_tag?post=7804"}],"curies":[{"name":"wp","href":"https:\/\/api.w.org\/{rel}","templated":true}]}}