{"id":7822,"date":"2022-10-22T23:23:54","date_gmt":"2022-10-22T21:23:54","guid":{"rendered":"http:\/\/loni.pl\/produkt\/lustereczko-powiedz-przecie\/"},"modified":"2025-12-16T06:20:13","modified_gmt":"2025-12-16T05:20:13","slug":"lustereczko-powiedz-przecie","status":"publish","type":"product","link":"https:\/\/loni.pl\/es\/produkt\/lustereczko-powiedz-przecie\/","title":{"rendered":"Lustereczko powiedz przecie"},"content":{"rendered":"<p>Ty! No jasne, \u017ce Ty! Idealna, niepowtarzalna i doskona\u0142a. Lustereczko powiedz przecie to przypominajka, \u017ce pi\u0119kno tkwi w r\u00f3\u017cnorodno\u015bci i nie jest przywi\u0105zane do cia\u0142a. To urok wybijaj\u0105cy ze \u015brodka, rado\u015b\u0107 i ciep\u0142o. Przyjmij swoje wewn\u0119trzne pi\u0119kno, swoj\u0105 niepowtarzalno\u015b\u0107 i ciesz si\u0119, gdy w \u015bwiecie zauwa\u017cysz ich odbicie. Do tego model Lustereczko powiedz przecie ma bardzo fajne grochy.<\/p>\n","protected":false},"excerpt":{"rendered":"<p>Ty! No jasne, \u017ce Ty! Idealna, niepowtarzalna i doskona\u0142a. Lustereczko powiedz przecie to przypominajka, \u017ce pi\u0119kno tkwi w r\u00f3\u017cnorodno\u015bci i nie jest przywi\u0105zane do cia\u0142a. To urok wybijaj\u0105cy ze \u015brodka, rado\u015b\u0107 i ciep\u0142o. Przyjmij swoje wewn\u0119trzne pi\u0119kno, swoj\u0105 niepowtarzalno\u015b\u0107 i ciesz si\u0119, gdy w \u015bwiecie zauwa\u017cysz ich odbicie. Do tego model Lustereczko powiedz przecie ma [&hellip;]<\/p>\n","protected":false},"featured_media":9153,"comment_status":"open","ping_status":"closed","template":"","meta":[],"product_cat":[35],"product_tag":[],"class_list":["post-7822","product","type-product","status-publish","has-post-thumbnail","hentry","product_cat-skarpety-venus","pa_blvariant-35-38","pa_blvariant-39-42","pa_blvariant-43-46"],"acf":[],"_links":{"self":[{"href":"https:\/\/loni.pl\/es\/wp-json\/wp\/v2\/product\/7822","targetHints":{"allow":["GET"]}}],"collection":[{"href":"https:\/\/loni.pl\/es\/wp-json\/wp\/v2\/product"}],"about":[{"href":"https:\/\/loni.pl\/es\/wp-json\/wp\/v2\/types\/product"}],"replies":[{"embeddable":true,"href":"https:\/\/loni.pl\/es\/wp-json\/wp\/v2\/comments?post=7822"}],"wp:featuredmedia":[{"embeddable":true,"href":"https:\/\/loni.pl\/es\/wp-json\/wp\/v2\/media\/9153"}],"wp:attachment":[{"href":"https:\/\/loni.pl\/es\/wp-json\/wp\/v2\/media?parent=7822"}],"wp:term":[{"taxonomy":"product_cat","embeddable":true,"href":"https:\/\/loni.pl\/es\/wp-json\/wp\/v2\/product_cat?post=7822"},{"taxonomy":"product_tag","embeddable":true,"href":"https:\/\/loni.pl\/es\/wp-json\/wp\/v2\/product_tag?post=7822"}],"curies":[{"name":"wp","href":"https:\/\/api.w.org\/{rel}","templated":true}]}}