{"id":7862,"date":"2022-10-22T23:25:26","date_gmt":"2022-10-22T21:25:26","guid":{"rendered":"http:\/\/loni.pl\/produkt\/soczysta-pasja\/"},"modified":"2025-12-16T06:20:59","modified_gmt":"2025-12-16T05:20:59","slug":"soczysta-pasja","status":"publish","type":"product","link":"https:\/\/loni.pl\/es\/produkt\/soczysta-pasja\/","title":{"rendered":"Soczysta pasja"},"content":{"rendered":"<p>Jest ociekaj\u0105ca s\u0142odycz\u0105, pobudzaj\u0105c\u0105 kubki smakowe. Jest pe\u0142na pasji, rozgrzewaj\u0105cej cia\u0142o i rozpalaj\u0105cej wyobra\u017ani\u0119. Jest soczy\u015bcie kolorowa, a jej wz\u00f3r zaklina oczy. Jej barwy poprawiaj\u0105 nastr\u00f3j i os\u0142adzaj\u0105 dzie\u0144. Jest jak wgryzanie si\u0119 w najsoczystszy z owoc\u00f3w. Taka jest dobrana para skarpetek Soczysta pasja z serii Venus. Obok takich owoc\u00f3w nie mo\u017cna przej\u015b\u0107 oboj\u0119tnie.<\/p>\n","protected":false},"excerpt":{"rendered":"<p>Jest ociekaj\u0105ca s\u0142odycz\u0105, pobudzaj\u0105c\u0105 kubki smakowe. Jest pe\u0142na pasji, rozgrzewaj\u0105cej cia\u0142o i rozpalaj\u0105cej wyobra\u017ani\u0119. Jest soczy\u015bcie kolorowa, a jej wz\u00f3r zaklina oczy. Jej barwy poprawiaj\u0105 nastr\u00f3j i os\u0142adzaj\u0105 dzie\u0144. Jest jak wgryzanie si\u0119 w najsoczystszy z owoc\u00f3w. Taka jest dobrana para skarpetek Soczysta pasja z serii Venus. Obok takich owoc\u00f3w nie mo\u017cna przej\u015b\u0107 oboj\u0119tnie.<\/p>\n","protected":false},"featured_media":9159,"comment_status":"open","ping_status":"closed","template":"","meta":[],"product_cat":[35,18],"product_tag":[],"class_list":["post-7862","product","type-product","status-publish","has-post-thumbnail","hentry","product_cat-skarpety-venus","product_cat-bestsellery","pa_blvariant-35-38","pa_blvariant-39-42","pa_blvariant-43-46"],"acf":[],"_links":{"self":[{"href":"https:\/\/loni.pl\/es\/wp-json\/wp\/v2\/product\/7862","targetHints":{"allow":["GET"]}}],"collection":[{"href":"https:\/\/loni.pl\/es\/wp-json\/wp\/v2\/product"}],"about":[{"href":"https:\/\/loni.pl\/es\/wp-json\/wp\/v2\/types\/product"}],"replies":[{"embeddable":true,"href":"https:\/\/loni.pl\/es\/wp-json\/wp\/v2\/comments?post=7862"}],"wp:featuredmedia":[{"embeddable":true,"href":"https:\/\/loni.pl\/es\/wp-json\/wp\/v2\/media\/9159"}],"wp:attachment":[{"href":"https:\/\/loni.pl\/es\/wp-json\/wp\/v2\/media?parent=7862"}],"wp:term":[{"taxonomy":"product_cat","embeddable":true,"href":"https:\/\/loni.pl\/es\/wp-json\/wp\/v2\/product_cat?post=7862"},{"taxonomy":"product_tag","embeddable":true,"href":"https:\/\/loni.pl\/es\/wp-json\/wp\/v2\/product_tag?post=7862"}],"curies":[{"name":"wp","href":"https:\/\/api.w.org\/{rel}","templated":true}]}}