{"id":7731,"date":"2022-10-22T23:21:31","date_gmt":"2022-10-22T21:21:31","guid":{"rendered":"http:\/\/loni.pl\/produkt\/fraszka-na-blekicie\/"},"modified":"2025-12-13T14:20:35","modified_gmt":"2025-12-13T13:20:35","slug":"fraszka-na-blekicie","status":"publish","type":"product","link":"https:\/\/loni.pl\/fr\/produkt\/fraszka-na-blekicie\/","title":{"rendered":"Fraszka na b\u0142\u0119kicie"},"content":{"rendered":"<p>Spokojny ocean b\u0142\u0119kitu i detal, maluj\u0105cy si\u0119 na jego r\u00f3wnej tafli. Sun\u0105c wzrokiem po b\u0142\u0119kitnej bawe\u0142nie od palcy w kierunku \u0142ydki napotykamy delikatny motyw, wpisany w kwadrat. Fraszka na b\u0142\u0119kicie nie kipi mnogo\u015bci\u0105 szczeg\u00f3\u0142\u00f3w. Dzi\u0119ki temu pozwala zab\u0142ysn\u0105\u0107 jednemu detalowi, zwracaj\u0105c uwag\u0119 na to, \u017ce pojedynczy element mo\u017ce kszta\u0142towa\u0107 przestrze\u0144. Prosta forma daje r\u00f3wnie du\u017c\u0105 satysfakcj\u0119 z noszenia.<\/p>\n","protected":false},"excerpt":{"rendered":"<p>Spokojny ocean b\u0142\u0119kitu i detal, maluj\u0105cy si\u0119 na jego r\u00f3wnej tafli. Sun\u0105c wzrokiem po b\u0142\u0119kitnej bawe\u0142nie od palcy w kierunku \u0142ydki napotykamy delikatny motyw, wpisany w kwadrat. Fraszka na b\u0142\u0119kicie nie kipi mnogo\u015bci\u0105 szczeg\u00f3\u0142\u00f3w. Dzi\u0119ki temu pozwala zab\u0142ysn\u0105\u0107 jednemu detalowi, zwracaj\u0105c uwag\u0119 na to, \u017ce pojedynczy element mo\u017ce kszta\u0142towa\u0107 przestrze\u0144. Prosta forma daje r\u00f3wnie du\u017c\u0105 [&hellip;]<\/p>\n","protected":false},"featured_media":9133,"comment_status":"open","ping_status":"closed","template":"","meta":[],"product_cat":[32,18],"product_tag":[],"class_list":["post-7731","product","type-product","status-publish","has-post-thumbnail","hentry","product_cat-skarpety-abstrakcyjne","product_cat-bestsellery","pa_blvariant-35-38","pa_blvariant-39-42","pa_blvariant-43-46"],"acf":[],"_links":{"self":[{"href":"https:\/\/loni.pl\/fr\/wp-json\/wp\/v2\/product\/7731","targetHints":{"allow":["GET"]}}],"collection":[{"href":"https:\/\/loni.pl\/fr\/wp-json\/wp\/v2\/product"}],"about":[{"href":"https:\/\/loni.pl\/fr\/wp-json\/wp\/v2\/types\/product"}],"replies":[{"embeddable":true,"href":"https:\/\/loni.pl\/fr\/wp-json\/wp\/v2\/comments?post=7731"}],"wp:featuredmedia":[{"embeddable":true,"href":"https:\/\/loni.pl\/fr\/wp-json\/wp\/v2\/media\/9133"}],"wp:attachment":[{"href":"https:\/\/loni.pl\/fr\/wp-json\/wp\/v2\/media?parent=7731"}],"wp:term":[{"taxonomy":"product_cat","embeddable":true,"href":"https:\/\/loni.pl\/fr\/wp-json\/wp\/v2\/product_cat?post=7731"},{"taxonomy":"product_tag","embeddable":true,"href":"https:\/\/loni.pl\/fr\/wp-json\/wp\/v2\/product_tag?post=7731"}],"curies":[{"name":"wp","href":"https:\/\/api.w.org\/{rel}","templated":true}]}}