{"id":7750,"date":"2022-10-22T23:22:21","date_gmt":"2022-10-22T21:22:21","guid":{"rendered":"http:\/\/loni.pl\/produkt\/znaki\/"},"modified":"2025-12-10T06:19:24","modified_gmt":"2025-12-10T05:19:24","slug":"znaki","status":"publish","type":"product","link":"https:\/\/loni.pl\/fr\/produkt\/znaki\/","title":{"rendered":"Znaki"},"content":{"rendered":"<p>Tajemnicze symbole, czy mo\u017ce fragment schematu jakiej\u015b obcej technologii? Zakodowana wiadomo\u015b\u0107, albo zapis pradawnego j\u0119zyka? Znaki to model skrywaj\u0105cy tajemnic\u0119. Je\u015bli chcesz pozna\u0107 sekrety dobranej pary, musisz uwa\u017cnie przestudiowa\u0107 wz\u00f3r wpleciony w bawe\u0142n\u0119. Ten model mo\u017ce by\u0107 wieczn\u0105 zagadk\u0105, zaskakuj\u0105c Ci\u0119 za ka\u017cdym razem, gdy wci\u0105gniesz go na stop\u0119.<\/p>\n","protected":false},"excerpt":{"rendered":"<p>Tajemnicze symbole, czy mo\u017ce fragment schematu jakiej\u015b obcej technologii? Zakodowana wiadomo\u015b\u0107, albo zapis pradawnego j\u0119zyka? Znaki to model skrywaj\u0105cy tajemnic\u0119. Je\u015bli chcesz pozna\u0107 sekrety dobranej pary, musisz uwa\u017cnie przestudiowa\u0107 wz\u00f3r wpleciony w bawe\u0142n\u0119. Ten model mo\u017ce by\u0107 wieczn\u0105 zagadk\u0105, zaskakuj\u0105c Ci\u0119 za ka\u017cdym razem, gdy wci\u0105gniesz go na stop\u0119.<\/p>\n","protected":false},"featured_media":9136,"comment_status":"open","ping_status":"closed","template":"","meta":[],"product_cat":[32],"product_tag":[],"class_list":["post-7750","product","type-product","status-publish","has-post-thumbnail","hentry","product_cat-skarpety-abstrakcyjne","pa_blvariant-35-38","pa_blvariant-39-42","pa_blvariant-43-46"],"acf":[],"_links":{"self":[{"href":"https:\/\/loni.pl\/fr\/wp-json\/wp\/v2\/product\/7750","targetHints":{"allow":["GET"]}}],"collection":[{"href":"https:\/\/loni.pl\/fr\/wp-json\/wp\/v2\/product"}],"about":[{"href":"https:\/\/loni.pl\/fr\/wp-json\/wp\/v2\/types\/product"}],"replies":[{"embeddable":true,"href":"https:\/\/loni.pl\/fr\/wp-json\/wp\/v2\/comments?post=7750"}],"wp:featuredmedia":[{"embeddable":true,"href":"https:\/\/loni.pl\/fr\/wp-json\/wp\/v2\/media\/9136"}],"wp:attachment":[{"href":"https:\/\/loni.pl\/fr\/wp-json\/wp\/v2\/media?parent=7750"}],"wp:term":[{"taxonomy":"product_cat","embeddable":true,"href":"https:\/\/loni.pl\/fr\/wp-json\/wp\/v2\/product_cat?post=7750"},{"taxonomy":"product_tag","embeddable":true,"href":"https:\/\/loni.pl\/fr\/wp-json\/wp\/v2\/product_tag?post=7750"}],"curies":[{"name":"wp","href":"https:\/\/api.w.org\/{rel}","templated":true}]}}