{"id":7756,"date":"2022-10-22T23:22:29","date_gmt":"2022-10-22T21:22:29","guid":{"rendered":"http:\/\/loni.pl\/produkt\/plotno-nr-17\/"},"modified":"2025-11-24T14:29:44","modified_gmt":"2025-11-24T13:29:44","slug":"plotno-nr-17","status":"publish","type":"product","link":"https:\/\/loni.pl\/fr\/produkt\/plotno-nr-17\/","title":{"rendered":"P\u0142\u00f3tno nr 17"},"content":{"rendered":"<p>Pomara\u0144czowe p\u0142\u00f3tno, na kt\u00f3rym wyobra\u017ania kre\u015bli wzory. Ten model zainspirowa\u0142y kszta\u0142ty, kt\u00f3re pojawi\u0142y si\u0119 pod powiekami autora po d\u0142u\u017cszej chwili patrzenia w \u017car\u00f3wk\u0119. Ciep\u0142a barwa \u015bwiat\u0142a \u017car\u00f3wki nadal przenika\u0142a przez powieki, a wyobra\u017ania zacz\u0119\u0142a kre\u015bli\u0107 fantastyczne wzory, kt\u00f3re mo\u017cecie zobaczy\u0107 na P\u0142\u00f3tnie nr 17. Przy pierwszych szesnastu podej\u015bciach autor nadal mia\u0142 przed oczami \u015bwiat\u0142o \u017car\u00f3wki i prace wysz\u0142y lekko rozmazane.<\/p>\n","protected":false},"excerpt":{"rendered":"<p>Pomara\u0144czowe p\u0142\u00f3tno, na kt\u00f3rym wyobra\u017ania kre\u015bli wzory. Ten model zainspirowa\u0142y kszta\u0142ty, kt\u00f3re pojawi\u0142y si\u0119 pod powiekami autora po d\u0142u\u017cszej chwili patrzenia w \u017car\u00f3wk\u0119. Ciep\u0142a barwa \u015bwiat\u0142a \u017car\u00f3wki nadal przenika\u0142a przez powieki, a wyobra\u017ania zacz\u0119\u0142a kre\u015bli\u0107 fantastyczne wzory, kt\u00f3re mo\u017cecie zobaczy\u0107 na P\u0142\u00f3tnie nr 17. Przy pierwszych szesnastu podej\u015bciach autor nadal mia\u0142 przed oczami \u015bwiat\u0142o \u017car\u00f3wki [&hellip;]<\/p>\n","protected":false},"featured_media":9137,"comment_status":"open","ping_status":"closed","template":"","meta":[],"product_cat":[32],"product_tag":[],"class_list":["post-7756","product","type-product","status-publish","has-post-thumbnail","hentry","product_cat-skarpety-abstrakcyjne","pa_blvariant-35-38","pa_blvariant-39-42","pa_blvariant-43-46"],"acf":[],"_links":{"self":[{"href":"https:\/\/loni.pl\/fr\/wp-json\/wp\/v2\/product\/7756","targetHints":{"allow":["GET"]}}],"collection":[{"href":"https:\/\/loni.pl\/fr\/wp-json\/wp\/v2\/product"}],"about":[{"href":"https:\/\/loni.pl\/fr\/wp-json\/wp\/v2\/types\/product"}],"replies":[{"embeddable":true,"href":"https:\/\/loni.pl\/fr\/wp-json\/wp\/v2\/comments?post=7756"}],"wp:featuredmedia":[{"embeddable":true,"href":"https:\/\/loni.pl\/fr\/wp-json\/wp\/v2\/media\/9137"}],"wp:attachment":[{"href":"https:\/\/loni.pl\/fr\/wp-json\/wp\/v2\/media?parent=7756"}],"wp:term":[{"taxonomy":"product_cat","embeddable":true,"href":"https:\/\/loni.pl\/fr\/wp-json\/wp\/v2\/product_cat?post=7756"},{"taxonomy":"product_tag","embeddable":true,"href":"https:\/\/loni.pl\/fr\/wp-json\/wp\/v2\/product_tag?post=7756"}],"curies":[{"name":"wp","href":"https:\/\/api.w.org\/{rel}","templated":true}]}}