{"id":7768,"date":"2022-10-22T23:22:44","date_gmt":"2022-10-22T21:22:44","guid":{"rendered":"http:\/\/loni.pl\/produkt\/skarpetki-przeciwmgielne\/"},"modified":"2025-12-16T14:30:35","modified_gmt":"2025-12-16T13:30:35","slug":"skarpetki-przeciwmgielne","status":"publish","type":"product","link":"https:\/\/loni.pl\/fr\/produkt\/skarpetki-przeciwmgielne\/","title":{"rendered":"Skarpetki przeciwmgielne"},"content":{"rendered":"<p>Ka\u017cdy u\u017cytkownik drogi zdaje sobie spraw\u0119 z korzy\u015bci p\u0142yn\u0105cych z dobrego o\u015bwietlenia pojazdu. My dobrze o\u015bwietlili\u015bmy nasze Skarpetki przeciwmgielne, r\u00f3wnie\u017c licz\u0105c na korzy\u015bci. W rezultacie dostali\u015bmy korzystnie dobran\u0105 par\u0119 skarpetek z kolekcji Auta, kt\u00f3ra jest gotowa na gara\u017cowanie w Twojej szufladzie. Bawe\u0142nianie auta nie zanieczyszczaj\u0105 \u015brodowiska!<\/p>\n","protected":false},"excerpt":{"rendered":"<p>Ka\u017cdy u\u017cytkownik drogi zdaje sobie spraw\u0119 z korzy\u015bci p\u0142yn\u0105cych z dobrego o\u015bwietlenia pojazdu. My dobrze o\u015bwietlili\u015bmy nasze Skarpetki przeciwmgielne, r\u00f3wnie\u017c licz\u0105c na korzy\u015bci. W rezultacie dostali\u015bmy korzystnie dobran\u0105 par\u0119 skarpetek z kolekcji Auta, kt\u00f3ra jest gotowa na gara\u017cowanie w Twojej szufladzie. Bawe\u0142nianie auta nie zanieczyszczaj\u0105 \u015brodowiska!<\/p>\n","protected":false},"featured_media":9141,"comment_status":"open","ping_status":"closed","template":"","meta":[],"product_cat":[33,18],"product_tag":[],"class_list":["post-7768","product","type-product","status-publish","has-post-thumbnail","hentry","product_cat-skarpety-w-auta","product_cat-bestsellery","pa_blvariant-35-38","pa_blvariant-39-42","pa_blvariant-43-46"],"acf":[],"_links":{"self":[{"href":"https:\/\/loni.pl\/fr\/wp-json\/wp\/v2\/product\/7768","targetHints":{"allow":["GET"]}}],"collection":[{"href":"https:\/\/loni.pl\/fr\/wp-json\/wp\/v2\/product"}],"about":[{"href":"https:\/\/loni.pl\/fr\/wp-json\/wp\/v2\/types\/product"}],"replies":[{"embeddable":true,"href":"https:\/\/loni.pl\/fr\/wp-json\/wp\/v2\/comments?post=7768"}],"wp:featuredmedia":[{"embeddable":true,"href":"https:\/\/loni.pl\/fr\/wp-json\/wp\/v2\/media\/9141"}],"wp:attachment":[{"href":"https:\/\/loni.pl\/fr\/wp-json\/wp\/v2\/media?parent=7768"}],"wp:term":[{"taxonomy":"product_cat","embeddable":true,"href":"https:\/\/loni.pl\/fr\/wp-json\/wp\/v2\/product_cat?post=7768"},{"taxonomy":"product_tag","embeddable":true,"href":"https:\/\/loni.pl\/fr\/wp-json\/wp\/v2\/product_tag?post=7768"}],"curies":[{"name":"wp","href":"https:\/\/api.w.org\/{rel}","templated":true}]}}