{"id":7780,"date":"2022-10-22T23:23:00","date_gmt":"2022-10-22T21:23:00","guid":{"rendered":"http:\/\/loni.pl\/produkt\/autokarowa-przygoda\/"},"modified":"2025-12-15T22:25:14","modified_gmt":"2025-12-15T21:25:14","slug":"autokarowa-przygoda","status":"publish","type":"product","link":"https:\/\/loni.pl\/fr\/produkt\/autokarowa-przygoda\/","title":{"rendered":"Autokarowa przygoda"},"content":{"rendered":"<p>Wycieczka autokarowa to zawsze fantastyczna przygoda! Podr\u00f3\u017c we wspania\u0142e miejsca, w towarzystwie przyjaci\u00f3\u0142. Autokarowa przygoda to model inspirowany wszystkimi ciep\u0142ymi wspomnieniami z wycieczek szkolnych, ekscytacj\u0105 z odkrywania nowych miejsc i przyjemnymi powrotami do domu. Dodaj do swojej szuflady dobran\u0105 par\u0119 z autobusami z kolekcji Auta i si\u0119gaj po ni\u0105, kiedy tylko najdzie Ci\u0119 ch\u0119\u0107 na przygod\u0119.<\/p>\n","protected":false},"excerpt":{"rendered":"<p>Wycieczka autokarowa to zawsze fantastyczna przygoda! Podr\u00f3\u017c we wspania\u0142e miejsca, w towarzystwie przyjaci\u00f3\u0142. Autokarowa przygoda to model inspirowany wszystkimi ciep\u0142ymi wspomnieniami z wycieczek szkolnych, ekscytacj\u0105 z odkrywania nowych miejsc i przyjemnymi powrotami do domu. Dodaj do swojej szuflady dobran\u0105 par\u0119 z autobusami z kolekcji Auta i si\u0119gaj po ni\u0105, kiedy tylko najdzie Ci\u0119 ch\u0119\u0107 na [&hellip;]<\/p>\n","protected":false},"featured_media":9143,"comment_status":"open","ping_status":"closed","template":"","meta":[],"product_cat":[33,18],"product_tag":[],"class_list":["post-7780","product","type-product","status-publish","has-post-thumbnail","hentry","product_cat-skarpety-w-auta","product_cat-bestsellery","pa_blvariant-35-38","pa_blvariant-39-42","pa_blvariant-43-46"],"acf":[],"_links":{"self":[{"href":"https:\/\/loni.pl\/fr\/wp-json\/wp\/v2\/product\/7780","targetHints":{"allow":["GET"]}}],"collection":[{"href":"https:\/\/loni.pl\/fr\/wp-json\/wp\/v2\/product"}],"about":[{"href":"https:\/\/loni.pl\/fr\/wp-json\/wp\/v2\/types\/product"}],"replies":[{"embeddable":true,"href":"https:\/\/loni.pl\/fr\/wp-json\/wp\/v2\/comments?post=7780"}],"wp:featuredmedia":[{"embeddable":true,"href":"https:\/\/loni.pl\/fr\/wp-json\/wp\/v2\/media\/9143"}],"wp:attachment":[{"href":"https:\/\/loni.pl\/fr\/wp-json\/wp\/v2\/media?parent=7780"}],"wp:term":[{"taxonomy":"product_cat","embeddable":true,"href":"https:\/\/loni.pl\/fr\/wp-json\/wp\/v2\/product_cat?post=7780"},{"taxonomy":"product_tag","embeddable":true,"href":"https:\/\/loni.pl\/fr\/wp-json\/wp\/v2\/product_tag?post=7780"}],"curies":[{"name":"wp","href":"https:\/\/api.w.org\/{rel}","templated":true}]}}