{"id":7816,"date":"2022-10-22T23:23:46","date_gmt":"2022-10-22T21:23:46","guid":{"rendered":"http:\/\/loni.pl\/produkt\/czerwony-mondrian\/"},"modified":"2025-12-07T22:27:55","modified_gmt":"2025-12-07T21:27:55","slug":"czerwony-mondrian","status":"publish","type":"product","link":"https:\/\/loni.pl\/fr\/produkt\/czerwony-mondrian\/","title":{"rendered":"Czerwony Mondrian"},"content":{"rendered":"<h4 id=\"skarpetki-mondrian\" class=\"heading-anchor\">Skarpetki Mondrian<\/h4>\n<p>Model Czerwony Mondrian dobrze reprezentuje nasz czerwony etap w produkcji bawe\u0142nianych skarpetek. Podkr\u0119cili\u015bmy czerwone skarpetki na skali fajno\u015bci. To ju\u017c nie tylko bawe\u0142nianie skarpetki, to ju\u017c troch\u0119 sztuka! Jak g\u0142osi kr\u0105\u017c\u0105ca mi\u0119dzy lud\u017ami maksyma: czerwone skarpety robi\u0105 robot\u0119.<\/p>\n","protected":false},"excerpt":{"rendered":"<p>Skarpetki Mondrian Model Czerwony Mondrian dobrze reprezentuje nasz czerwony etap w produkcji bawe\u0142nianych skarpetek. Podkr\u0119cili\u015bmy czerwone skarpetki na skali fajno\u015bci. To ju\u017c nie tylko bawe\u0142nianie skarpetki, to ju\u017c troch\u0119 sztuka! Jak g\u0142osi kr\u0105\u017c\u0105ca mi\u0119dzy lud\u017ami maksyma: czerwone skarpety robi\u0105 robot\u0119.<\/p>\n","protected":false},"featured_media":9150,"comment_status":"open","ping_status":"closed","template":"","meta":[],"product_cat":[34],"product_tag":[76],"class_list":["post-7816","product","type-product","status-publish","has-post-thumbnail","hentry","product_cat-skarpety-mondrian","product_tag-skarpetki-do-garnituru","pa_blvariant-35-38","pa_blvariant-39-42","pa_blvariant-43-46"],"acf":[],"_links":{"self":[{"href":"https:\/\/loni.pl\/fr\/wp-json\/wp\/v2\/product\/7816","targetHints":{"allow":["GET"]}}],"collection":[{"href":"https:\/\/loni.pl\/fr\/wp-json\/wp\/v2\/product"}],"about":[{"href":"https:\/\/loni.pl\/fr\/wp-json\/wp\/v2\/types\/product"}],"replies":[{"embeddable":true,"href":"https:\/\/loni.pl\/fr\/wp-json\/wp\/v2\/comments?post=7816"}],"wp:featuredmedia":[{"embeddable":true,"href":"https:\/\/loni.pl\/fr\/wp-json\/wp\/v2\/media\/9150"}],"wp:attachment":[{"href":"https:\/\/loni.pl\/fr\/wp-json\/wp\/v2\/media?parent=7816"}],"wp:term":[{"taxonomy":"product_cat","embeddable":true,"href":"https:\/\/loni.pl\/fr\/wp-json\/wp\/v2\/product_cat?post=7816"},{"taxonomy":"product_tag","embeddable":true,"href":"https:\/\/loni.pl\/fr\/wp-json\/wp\/v2\/product_tag?post=7816"}],"curies":[{"name":"wp","href":"https:\/\/api.w.org\/{rel}","templated":true}]}}