{"id":7829,"date":"2022-10-22T23:24:10","date_gmt":"2022-10-22T21:24:10","guid":{"rendered":"http:\/\/loni.pl\/produkt\/tu-i-teraz\/"},"modified":"2025-12-13T14:20:44","modified_gmt":"2025-12-13T13:20:44","slug":"tu-i-teraz","status":"publish","type":"product","link":"https:\/\/loni.pl\/fr\/produkt\/tu-i-teraz\/","title":{"rendered":"Tu i teraz"},"content":{"rendered":"<p>Obserwuj. Sp\u00f3jrz na \u015bwiat z perspektywy \u015bwiadka. Uspok\u00f3j cia\u0142o i umys\u0142. Skoncentruj si\u0119 na oddechu i rozpocznij w\u0119dr\u00f3wk\u0119 w g\u0142\u0105b siebie, do samego centrum. Je\u017celi zmarzn\u0105 Ci stopy, to si\u0119gnij po dobran\u0105 par\u0119 Tu i teraz. Model stworzony jako towarzysz wewn\u0119trznych poszukiwa\u0144 \u017ar\u00f3d\u0142a szcz\u0119\u015bcia i spokoju. \u017byczymy Twojemu wewn\u0119trznemu Lotosowi rozkwitu, a Twoim stopom wybornych chwil w bawe\u0142nianych skarpetkach z serii Venus.<\/p>\n","protected":false},"excerpt":{"rendered":"<p>Obserwuj. Sp\u00f3jrz na \u015bwiat z perspektywy \u015bwiadka. Uspok\u00f3j cia\u0142o i umys\u0142. Skoncentruj si\u0119 na oddechu i rozpocznij w\u0119dr\u00f3wk\u0119 w g\u0142\u0105b siebie, do samego centrum. Je\u017celi zmarzn\u0105 Ci stopy, to si\u0119gnij po dobran\u0105 par\u0119 Tu i teraz. Model stworzony jako towarzysz wewn\u0119trznych poszukiwa\u0144 \u017ar\u00f3d\u0142a szcz\u0119\u015bcia i spokoju. \u017byczymy Twojemu wewn\u0119trznemu Lotosowi rozkwitu, a Twoim stopom wybornych [&hellip;]<\/p>\n","protected":false},"featured_media":9154,"comment_status":"open","ping_status":"closed","template":"","meta":[],"product_cat":[35],"product_tag":[],"class_list":["post-7829","product","type-product","status-publish","has-post-thumbnail","hentry","product_cat-skarpety-venus","pa_blvariant-35-38","pa_blvariant-39-42","pa_blvariant-43-46"],"acf":[],"_links":{"self":[{"href":"https:\/\/loni.pl\/fr\/wp-json\/wp\/v2\/product\/7829","targetHints":{"allow":["GET"]}}],"collection":[{"href":"https:\/\/loni.pl\/fr\/wp-json\/wp\/v2\/product"}],"about":[{"href":"https:\/\/loni.pl\/fr\/wp-json\/wp\/v2\/types\/product"}],"replies":[{"embeddable":true,"href":"https:\/\/loni.pl\/fr\/wp-json\/wp\/v2\/comments?post=7829"}],"wp:featuredmedia":[{"embeddable":true,"href":"https:\/\/loni.pl\/fr\/wp-json\/wp\/v2\/media\/9154"}],"wp:attachment":[{"href":"https:\/\/loni.pl\/fr\/wp-json\/wp\/v2\/media?parent=7829"}],"wp:term":[{"taxonomy":"product_cat","embeddable":true,"href":"https:\/\/loni.pl\/fr\/wp-json\/wp\/v2\/product_cat?post=7829"},{"taxonomy":"product_tag","embeddable":true,"href":"https:\/\/loni.pl\/fr\/wp-json\/wp\/v2\/product_tag?post=7829"}],"curies":[{"name":"wp","href":"https:\/\/api.w.org\/{rel}","templated":true}]}}