{"id":7842,"date":"2022-10-22T23:24:29","date_gmt":"2022-10-22T21:24:29","guid":{"rendered":"http:\/\/loni.pl\/produkt\/nowe-usta\/"},"modified":"2025-12-16T14:30:56","modified_gmt":"2025-12-16T13:30:56","slug":"nowe-usta","status":"publish","type":"product","link":"https:\/\/loni.pl\/fr\/produkt\/nowe-usta\/","title":{"rendered":"Nowe usta"},"content":{"rendered":"<p>Podaruj sobie Nowe usta w du\u017cej ilo\u015bci. Pe\u0142ne, czerwone wargi na jasnej bawe\u0142nie to po\u0142\u0105czenie klasyki z klasyk\u0105. Wymagaj\u0105 zerowej pracy, \u017ceby dobrze wygl\u0105da\u0107. Ca\u0142\u0105 energi\u0119 mo\u017cesz skierowa\u0107 na siebie, a dobrana para Nowe usta z przyjemno\u015bci\u0105 dope\u0142ni Twoj\u0105 stylizacj\u0119. Model Nowe usta z serii Venus dost\u0119pny jest bez zastrzyk\u00f3w i wizyt u specjalisty.<\/p>\n","protected":false},"excerpt":{"rendered":"<p>Podaruj sobie Nowe usta w du\u017cej ilo\u015bci. Pe\u0142ne, czerwone wargi na jasnej bawe\u0142nie to po\u0142\u0105czenie klasyki z klasyk\u0105. Wymagaj\u0105 zerowej pracy, \u017ceby dobrze wygl\u0105da\u0107. Ca\u0142\u0105 energi\u0119 mo\u017cesz skierowa\u0107 na siebie, a dobrana para Nowe usta z przyjemno\u015bci\u0105 dope\u0142ni Twoj\u0105 stylizacj\u0119. Model Nowe usta z serii Venus dost\u0119pny jest bez zastrzyk\u00f3w i wizyt u specjalisty.<\/p>\n","protected":false},"featured_media":9156,"comment_status":"open","ping_status":"closed","template":"","meta":[],"product_cat":[35,18],"product_tag":[],"class_list":["post-7842","product","type-product","status-publish","has-post-thumbnail","hentry","product_cat-skarpety-venus","product_cat-bestsellery","pa_blvariant-35-38","pa_blvariant-39-42","pa_blvariant-43-46"],"acf":[],"_links":{"self":[{"href":"https:\/\/loni.pl\/fr\/wp-json\/wp\/v2\/product\/7842","targetHints":{"allow":["GET"]}}],"collection":[{"href":"https:\/\/loni.pl\/fr\/wp-json\/wp\/v2\/product"}],"about":[{"href":"https:\/\/loni.pl\/fr\/wp-json\/wp\/v2\/types\/product"}],"replies":[{"embeddable":true,"href":"https:\/\/loni.pl\/fr\/wp-json\/wp\/v2\/comments?post=7842"}],"wp:featuredmedia":[{"embeddable":true,"href":"https:\/\/loni.pl\/fr\/wp-json\/wp\/v2\/media\/9156"}],"wp:attachment":[{"href":"https:\/\/loni.pl\/fr\/wp-json\/wp\/v2\/media?parent=7842"}],"wp:term":[{"taxonomy":"product_cat","embeddable":true,"href":"https:\/\/loni.pl\/fr\/wp-json\/wp\/v2\/product_cat?post=7842"},{"taxonomy":"product_tag","embeddable":true,"href":"https:\/\/loni.pl\/fr\/wp-json\/wp\/v2\/product_tag?post=7842"}],"curies":[{"name":"wp","href":"https:\/\/api.w.org\/{rel}","templated":true}]}}