{"id":7855,"date":"2022-10-22T23:25:12","date_gmt":"2022-10-22T21:25:12","guid":{"rendered":"http:\/\/loni.pl\/produkt\/noca-na-venus\/"},"modified":"2025-12-16T06:20:50","modified_gmt":"2025-12-16T05:20:50","slug":"noca-na-venus","status":"publish","type":"product","link":"https:\/\/loni.pl\/fr\/produkt\/noca-na-venus\/","title":{"rendered":"Noc\u0105 na Venus"},"content":{"rendered":"<p>Noc\u0105 na Venus w blasku ksi\u0119\u017cyca mieni si\u0119 \u015bwiat. Cudowne kolory i wspania\u0142e wzory wykwitaj\u0105 na bawe\u0142nie. Blask odkrywa sekrety kolekcji Venus. Pi\u0119kne usta, tajemnicze spojrzenia, twarze i rozta\u0144czone sylwetki zatopione w sennej wizji. Dzieci nocy \u015bwi\u0119tuj\u0105, wyzwalaj\u0105 uczucia i porzucaj\u0105 strach. Noc\u0105 na Venus natura ukazuje swoje mistyczne oblicze. Zabiera w podr\u00f3\u017c, kt\u00f3rej owocem jest rado\u015b\u0107.<\/p>\n","protected":false},"excerpt":{"rendered":"<p>Noc\u0105 na Venus w blasku ksi\u0119\u017cyca mieni si\u0119 \u015bwiat. Cudowne kolory i wspania\u0142e wzory wykwitaj\u0105 na bawe\u0142nie. Blask odkrywa sekrety kolekcji Venus. Pi\u0119kne usta, tajemnicze spojrzenia, twarze i rozta\u0144czone sylwetki zatopione w sennej wizji. Dzieci nocy \u015bwi\u0119tuj\u0105, wyzwalaj\u0105 uczucia i porzucaj\u0105 strach. Noc\u0105 na Venus natura ukazuje swoje mistyczne oblicze. Zabiera w podr\u00f3\u017c, kt\u00f3rej owocem [&hellip;]<\/p>\n","protected":false},"featured_media":9158,"comment_status":"open","ping_status":"closed","template":"","meta":[],"product_cat":[35],"product_tag":[],"class_list":["post-7855","product","type-product","status-publish","has-post-thumbnail","hentry","product_cat-skarpety-venus","pa_blvariant-35-38","pa_blvariant-39-42","pa_blvariant-43-46"],"acf":[],"_links":{"self":[{"href":"https:\/\/loni.pl\/fr\/wp-json\/wp\/v2\/product\/7855","targetHints":{"allow":["GET"]}}],"collection":[{"href":"https:\/\/loni.pl\/fr\/wp-json\/wp\/v2\/product"}],"about":[{"href":"https:\/\/loni.pl\/fr\/wp-json\/wp\/v2\/types\/product"}],"replies":[{"embeddable":true,"href":"https:\/\/loni.pl\/fr\/wp-json\/wp\/v2\/comments?post=7855"}],"wp:featuredmedia":[{"embeddable":true,"href":"https:\/\/loni.pl\/fr\/wp-json\/wp\/v2\/media\/9158"}],"wp:attachment":[{"href":"https:\/\/loni.pl\/fr\/wp-json\/wp\/v2\/media?parent=7855"}],"wp:term":[{"taxonomy":"product_cat","embeddable":true,"href":"https:\/\/loni.pl\/fr\/wp-json\/wp\/v2\/product_cat?post=7855"},{"taxonomy":"product_tag","embeddable":true,"href":"https:\/\/loni.pl\/fr\/wp-json\/wp\/v2\/product_tag?post=7855"}],"curies":[{"name":"wp","href":"https:\/\/api.w.org\/{rel}","templated":true}]}}