{"id":7869,"date":"2022-10-22T23:25:42","date_gmt":"2022-10-22T21:25:42","guid":{"rendered":"http:\/\/loni.pl\/produkt\/fioletowa-bogini\/"},"modified":"2025-12-16T06:21:07","modified_gmt":"2025-12-16T05:21:07","slug":"fioletowa-bogini","status":"publish","type":"product","link":"https:\/\/loni.pl\/fr\/produkt\/fioletowa-bogini\/","title":{"rendered":"Fioletowa bogini"},"content":{"rendered":"<p>Podobno fiolet to kolor magii. Nic dziwnego, \u017ce bogini pojawia si\u0119 w\u0142a\u015bnie na takim tle. Nasza Fioletowa bogini to rado\u015b\u0107, kt\u00f3ra przyj\u0119\u0142a form\u0119 kobiety. Wz\u00f3r pe\u0142en wolno\u015bci i akceptacji dla siebie i wszystkiego dooko\u0142a. \u017bycie nie musi by\u0107 ci\u0105g\u0142\u0105 walk\u0105, kt\u00f3ra nieustannie wyd\u0142u\u017ca nam list\u0119 rzeczy do zrobienia. Mo\u017ce by\u0107 zabaw\u0105, kt\u00f3ra \u0142agodnie prowadzi Ci\u0119 przez nowe do\u015bwiadczenia. Fioletowa bogini to idealny dodatek do takiej zabawy.<\/p>\n","protected":false},"excerpt":{"rendered":"<p>Podobno fiolet to kolor magii. Nic dziwnego, \u017ce bogini pojawia si\u0119 w\u0142a\u015bnie na takim tle. Nasza Fioletowa bogini to rado\u015b\u0107, kt\u00f3ra przyj\u0119\u0142a form\u0119 kobiety. Wz\u00f3r pe\u0142en wolno\u015bci i akceptacji dla siebie i wszystkiego dooko\u0142a. \u017bycie nie musi by\u0107 ci\u0105g\u0142\u0105 walk\u0105, kt\u00f3ra nieustannie wyd\u0142u\u017ca nam list\u0119 rzeczy do zrobienia. Mo\u017ce by\u0107 zabaw\u0105, kt\u00f3ra \u0142agodnie prowadzi Ci\u0119 [&hellip;]<\/p>\n","protected":false},"featured_media":9160,"comment_status":"open","ping_status":"closed","template":"","meta":[],"product_cat":[35],"product_tag":[],"class_list":["post-7869","product","type-product","status-publish","has-post-thumbnail","hentry","product_cat-skarpety-venus","pa_blvariant-35-38","pa_blvariant-39-42","pa_blvariant-43-46"],"acf":[],"_links":{"self":[{"href":"https:\/\/loni.pl\/fr\/wp-json\/wp\/v2\/product\/7869","targetHints":{"allow":["GET"]}}],"collection":[{"href":"https:\/\/loni.pl\/fr\/wp-json\/wp\/v2\/product"}],"about":[{"href":"https:\/\/loni.pl\/fr\/wp-json\/wp\/v2\/types\/product"}],"replies":[{"embeddable":true,"href":"https:\/\/loni.pl\/fr\/wp-json\/wp\/v2\/comments?post=7869"}],"wp:featuredmedia":[{"embeddable":true,"href":"https:\/\/loni.pl\/fr\/wp-json\/wp\/v2\/media\/9160"}],"wp:attachment":[{"href":"https:\/\/loni.pl\/fr\/wp-json\/wp\/v2\/media?parent=7869"}],"wp:term":[{"taxonomy":"product_cat","embeddable":true,"href":"https:\/\/loni.pl\/fr\/wp-json\/wp\/v2\/product_cat?post=7869"},{"taxonomy":"product_tag","embeddable":true,"href":"https:\/\/loni.pl\/fr\/wp-json\/wp\/v2\/product_tag?post=7869"}],"curies":[{"name":"wp","href":"https:\/\/api.w.org\/{rel}","templated":true}]}}