{"id":7877,"date":"2022-10-22T23:25:56","date_gmt":"2022-10-22T21:25:56","guid":{"rendered":"http:\/\/loni.pl\/produkt\/pod-kapeluszem\/"},"modified":"2025-12-28T22:19:22","modified_gmt":"2025-12-28T21:19:22","slug":"pod-kapeluszem","status":"publish","type":"product","link":"https:\/\/loni.pl\/fr\/produkt\/pod-kapeluszem\/","title":{"rendered":"Pod kapeluszem"},"content":{"rendered":"<p>Czy ja dobrze widz\u0119, czy to mo\u017ce halucynacja? Nie pomaga przecieranie oczu i p\u0142ukanie twarzy. Tajemnica skrywana Pod kapeluszem b\u0142yszczy si\u0119 jak diament, pobudzaj\u0105c wyobra\u017ani\u0119. Co to za pi\u0119kne kszta\u0142ty? Gdzie si\u0119 zaczyna, a gdzie si\u0119 ko\u0144czy to zjawisko? \u015awiat nabiera r\u00f3\u017cowej barwy, wszystko jest l\u017cejsze i jakby mniej dra\u017cni\u0105ce. Dzieje si\u0119 co\u015b bardzo przyjemnego. To musi by\u0107 ten sekret skrywany Pod kapeluszem.<\/p>\n","protected":false},"excerpt":{"rendered":"<p>Czy ja dobrze widz\u0119, czy to mo\u017ce halucynacja? Nie pomaga przecieranie oczu i p\u0142ukanie twarzy. Tajemnica skrywana Pod kapeluszem b\u0142yszczy si\u0119 jak diament, pobudzaj\u0105c wyobra\u017ani\u0119. Co to za pi\u0119kne kszta\u0142ty? Gdzie si\u0119 zaczyna, a gdzie si\u0119 ko\u0144czy to zjawisko? \u015awiat nabiera r\u00f3\u017cowej barwy, wszystko jest l\u017cejsze i jakby mniej dra\u017cni\u0105ce. Dzieje si\u0119 co\u015b bardzo przyjemnego. [&hellip;]<\/p>\n","protected":false},"featured_media":9161,"comment_status":"open","ping_status":"closed","template":"","meta":[],"product_cat":[35,18],"product_tag":[],"class_list":["post-7877","product","type-product","status-publish","has-post-thumbnail","hentry","product_cat-skarpety-venus","product_cat-bestsellery","pa_blvariant-35-38","pa_blvariant-39-42","pa_blvariant-43-46"],"acf":[],"_links":{"self":[{"href":"https:\/\/loni.pl\/fr\/wp-json\/wp\/v2\/product\/7877","targetHints":{"allow":["GET"]}}],"collection":[{"href":"https:\/\/loni.pl\/fr\/wp-json\/wp\/v2\/product"}],"about":[{"href":"https:\/\/loni.pl\/fr\/wp-json\/wp\/v2\/types\/product"}],"replies":[{"embeddable":true,"href":"https:\/\/loni.pl\/fr\/wp-json\/wp\/v2\/comments?post=7877"}],"wp:featuredmedia":[{"embeddable":true,"href":"https:\/\/loni.pl\/fr\/wp-json\/wp\/v2\/media\/9161"}],"wp:attachment":[{"href":"https:\/\/loni.pl\/fr\/wp-json\/wp\/v2\/media?parent=7877"}],"wp:term":[{"taxonomy":"product_cat","embeddable":true,"href":"https:\/\/loni.pl\/fr\/wp-json\/wp\/v2\/product_cat?post=7877"},{"taxonomy":"product_tag","embeddable":true,"href":"https:\/\/loni.pl\/fr\/wp-json\/wp\/v2\/product_tag?post=7877"}],"curies":[{"name":"wp","href":"https:\/\/api.w.org\/{rel}","templated":true}]}}