{"id":7884,"date":"2022-10-22T23:26:29","date_gmt":"2022-10-22T21:26:29","guid":{"rendered":"http:\/\/loni.pl\/produkt\/romantyczna-historia\/"},"modified":"2025-12-10T06:19:51","modified_gmt":"2025-12-10T05:19:51","slug":"romantyczna-historia","status":"publish","type":"product","link":"https:\/\/loni.pl\/fr\/produkt\/romantyczna-historia\/","title":{"rendered":"Romantyczna historia"},"content":{"rendered":"<h4 id=\"skarpetki-ptak\" class=\"heading-anchor\">Skarpetki Ptak<\/h4>\n<p>Spadaj\u0105cy ptak, p\u0142on\u0105ce serce, sztylet i rozkwitaj\u0105cy prosto z rany pi\u0119kny kwiat &#8211; to nasza bawe\u0142niana Romantyczna historia z serii Venus. Uczucie tak wielkie, \u017ce wypala od \u015brodka. Rany, kt\u00f3re bol\u0105, ale nie niszcz\u0105. S\u0105 pocz\u0105tkiem nowych, cudownych zjawisk kt\u00f3re czyni\u0105 nas silniejszymi, s\u0105 gruntem pod rozkwitaj\u0105ce pi\u0119kno. Model Romantyczna historia to ba\u015b\u0144 zakl\u0119ta w dobran\u0105 par\u0119 skarpet.<\/p>\n","protected":false},"excerpt":{"rendered":"<p>Skarpetki Ptak Spadaj\u0105cy ptak, p\u0142on\u0105ce serce, sztylet i rozkwitaj\u0105cy prosto z rany pi\u0119kny kwiat &#8211; to nasza bawe\u0142niana Romantyczna historia z serii Venus. Uczucie tak wielkie, \u017ce wypala od \u015brodka. Rany, kt\u00f3re bol\u0105, ale nie niszcz\u0105. S\u0105 pocz\u0105tkiem nowych, cudownych zjawisk kt\u00f3re czyni\u0105 nas silniejszymi, s\u0105 gruntem pod rozkwitaj\u0105ce pi\u0119kno. Model Romantyczna historia to ba\u015b\u0144 [&hellip;]<\/p>\n","protected":false},"featured_media":9162,"comment_status":"open","ping_status":"closed","template":"","meta":[],"product_cat":[35,18],"product_tag":[],"class_list":["post-7884","product","type-product","status-publish","has-post-thumbnail","hentry","product_cat-skarpety-venus","product_cat-bestsellery","pa_blvariant-35-38","pa_blvariant-39-42","pa_blvariant-43-46"],"acf":[],"_links":{"self":[{"href":"https:\/\/loni.pl\/fr\/wp-json\/wp\/v2\/product\/7884","targetHints":{"allow":["GET"]}}],"collection":[{"href":"https:\/\/loni.pl\/fr\/wp-json\/wp\/v2\/product"}],"about":[{"href":"https:\/\/loni.pl\/fr\/wp-json\/wp\/v2\/types\/product"}],"replies":[{"embeddable":true,"href":"https:\/\/loni.pl\/fr\/wp-json\/wp\/v2\/comments?post=7884"}],"wp:featuredmedia":[{"embeddable":true,"href":"https:\/\/loni.pl\/fr\/wp-json\/wp\/v2\/media\/9162"}],"wp:attachment":[{"href":"https:\/\/loni.pl\/fr\/wp-json\/wp\/v2\/media?parent=7884"}],"wp:term":[{"taxonomy":"product_cat","embeddable":true,"href":"https:\/\/loni.pl\/fr\/wp-json\/wp\/v2\/product_cat?post=7884"},{"taxonomy":"product_tag","embeddable":true,"href":"https:\/\/loni.pl\/fr\/wp-json\/wp\/v2\/product_tag?post=7884"}],"curies":[{"name":"wp","href":"https:\/\/api.w.org\/{rel}","templated":true}]}}